{"id":765,"date":"2020-10-06T23:35:08","date_gmt":"2020-10-06T21:35:08","guid":{"rendered":"https:\/\/fius.de\/?page_id=765"},"modified":"2024-11-05T13:15:46","modified_gmt":"2024-11-05T12:15:46","slug":"workshops-und-vortraege-von-firmen","status":"publish","type":"page","link":"https:\/\/fius.de\/index.php\/firmen\/workshops-und-vortraege-von-firmen\/","title":{"rendered":"Workshops und Vortr\u00e4ge"},"content":{"rendered":"\n<p>Falls sie Workshops oder Vortr\u00e4ge bei uns veranstalten wollen, wenden sie sich bitte an das <a rel=\"noreferrer noopener\" href=\"http:\/\/www.informatik-forum.org\" data-type=\"URL\" data-id=\"www.informatik-forum.org\" target=\"_blank\">Informatik-Forum Stuttgart<\/a>.<\/p>\n\n\n\n<p>Falls sie nur unsere Studierende \u00fcber Workshops oder Vortr\u00e4ge, die bei einem von ihnen organisierten Veranstaltungsort stattfinden, informieren wollen, k\u00f6nnen sie gerne eine Mail damit an <a href=\"mailto:studi-misc@fius.de\">studi-misc@fius.de<\/a> schicken. Wir leiten diese dann an unsere Studierende weiter.<br>Dabei behalten wir uns allerdings vor, nur f\u00fcr unsere Studierende relevante Veranstaltungen weiterzuleiten. So w\u00fcrden wir z.B. Fachvortr\u00e4ge, bei denen das technische Thema im Vordergrund steht und nur kurz auf die Firma eingegangen wird, mit fast 100% Sicherheit durchlassen, w\u00e4hrend wir Veranstaltungen, die sich nur um reine Firmenwerbung handeln oder wir das Gef\u00fchl haben, das dadurch den teilnehmenden Studierenden versucht wird z.B. Versicherungen oder \u00e4hnliches anzudrehen, mit hoher Wahrscheinlichkeit nicht durchlassen.<\/p>\n\n\n\n<p>Am Montag dem 18.11 findet von 17:30-21:00 Uhr &#8222;Industrielle Praxis&#8220;-Workshop zum Thema &#8222;Git f\u00fcr Power User&#8220; mit der Firma itestra statt.<\/p>\n","protected":false},"excerpt":{"rendered":"<p>Falls sie Workshops oder Vortr\u00e4ge bei uns veranstalten wollen, wenden sie sich bitte an das Informatik-Forum Stuttgart. Falls sie nur unsere Studierende \u00fcber Workshops oder Vortr\u00e4ge, die bei einem von ihnen organisierten Veranstaltungsort stattfinden, informieren wollen, k\u00f6nnen sie gerne eine Mail damit an studi-misc@fius.de schicken. Wir leiten diese dann an unsere Studierende weiter.Dabei behalten wir [&hellip;]<\/p>\n","protected":false},"author":9,"featured_media":0,"parent":48,"menu_order":0,"comment_status":"closed","ping_status":"closed","template":"","meta":{"footnotes":""},"class_list":["post-765","page","type-page","status-publish","hentry","wpbf-post"],"_links":{"self":[{"href":"https:\/\/fius.de\/index.php\/wp-json\/wp\/v2\/pages\/765","targetHints":{"allow":["GET"]}}],"collection":[{"href":"https:\/\/fius.de\/index.php\/wp-json\/wp\/v2\/pages"}],"about":[{"href":"https:\/\/fius.de\/index.php\/wp-json\/wp\/v2\/types\/page"}],"author":[{"embeddable":true,"href":"https:\/\/fius.de\/index.php\/wp-json\/wp\/v2\/users\/9"}],"replies":[{"embeddable":true,"href":"https:\/\/fius.de\/index.php\/wp-json\/wp\/v2\/comments?post=765"}],"version-history":[{"count":5,"href":"https:\/\/fius.de\/index.php\/wp-json\/wp\/v2\/pages\/765\/revisions"}],"predecessor-version":[{"id":3256,"href":"https:\/\/fius.de\/index.php\/wp-json\/wp\/v2\/pages\/765\/revisions\/3256"}],"up":[{"embeddable":true,"href":"https:\/\/fius.de\/index.php\/wp-json\/wp\/v2\/pages\/48"}],"wp:attachment":[{"href":"https:\/\/fius.de\/index.php\/wp-json\/wp\/v2\/media?parent=765"}],"curies":[{"name":"wp","href":"https:\/\/api.w.org\/{rel}","templated":true}]}}