{"id":737,"date":"2020-10-06T21:41:26","date_gmt":"2020-10-06T19:41:26","guid":{"rendered":"https:\/\/fius.de\/?page_id=737"},"modified":"2020-10-24T00:00:52","modified_gmt":"2020-10-23T22:00:52","slug":"corona","status":"publish","type":"page","link":"https:\/\/fius.de\/index.php\/studien-interessierte\/corona\/","title":{"rendered":"Einzuhaltende Regeln wegen Corona"},"content":{"rendered":"\n<p class=\"important\">Zum Schutz vor Ausbreitung des Virus besteht ein <strong>generelles Betretungsverbot<\/strong> des Geb\u00e4udes f\u00fcr Personen, die in Kontakt zu einer infizierten Person stehen oder standen, wenn seit dem Kontakt mit einer infizierten Person noch nicht 14 Tage vergangen sind, oder die Symptome eines Atemwegsinfekts oder erh\u00f6hte Temperatur aufweisen. (Zu m\u00f6glichen Symptomen von COVID-19 geh\u00f6ren: Schnupfen, Halsschmerzen, Gliederschmerzen, Abgeschlagenheit, Husten, Kopfschmerzen, Fieber &gt; 38\u00b0, Sch\u00fcttelfrost, Kurzatmigkeit &#8211; Quelle: RKI) <\/p>\n\n\n\n<p class=\"important\">Beachtet auch unsere <a href=\"https:\/\/fius.de\/index.php\/mitteilungen\/\" data-type=\"page\" data-id=\"638\">Mitteilungen<\/a>.<\/p>\n\n\n\n<h3 class=\"wp-block-heading\">Verhaltensregeln<\/h3>\n\n\n\n<ul class=\"wp-block-list\"><li><strong>Neu<\/strong>: Inzwischen gilt auf dem Universit\u00e4tsgel\u00e4nde auch au\u00dferhalb von Geb\u00e4uden eine allgemeine Maskenpflicht.<\/li><\/ul>\n\n\n\n<ul class=\"wp-block-list\"><li>Um an einer Veranstaltung teilzunehmen, ist eine <strong>Voranmeldung <\/strong>f\u00fcr alle Teilnehmer*innen erforderlich.<\/li><li>Ein Wechsel von der Pr\u00e4senz- zur Online-Teilnahme ist jederzeit, ohne Angaben von Gr\u00fcnden, m\u00f6glich. Bitte kontaktiert uns dazu.<\/li><\/ul>\n\n\n\n<ul class=\"wp-block-list\"><li>\u00dcberall im Geb\u00e4ude einschlie\u00dflich auf dem Weg zum Sitzplatz oder zur Toilette muss Mund-Nasen-Schutz getragen werden. Sobald man sich an seinem Sitzplatz befindet, darf der Mund-Nasen-Schutz abgenommen werden.<\/li><li>Sollte der Mindestabstand (z.B. zwischen Tutor*in und Student*in) nicht eingehalten werden k\u00f6nnen, ist der Mund-Nasen-Schutz zu tragen.<\/li><li>Die auf den Fluren eingezeichneten und mit Pfeilen markierten Laufwege sind einzuhalten. Es gilt das Rechtslaufgebot!<\/li><li>\u00dcberall ist ein Mindestabstand von 1,5 Metern einzuhalten. Dies gilt neben s\u00e4mtlichen R\u00e4umen im Geb\u00e4ude (Flur, H\u00f6rsaal, Treppenhaus, Toiletten) auch f\u00fcr den Bereich vor dem Geb\u00e4ude.<\/li><\/ul>\n\n\n\n<ul class=\"wp-block-list\" id=\"block-23fbb370-0e1b-4b7d-b3f8-ce79e3047ade\"><li>Ihr erhaltet beim Eingang am ersten Tag eine Nummer, welche aus 4 Zahlen besteht. Die ersten 2 Zahlen geben den H\u00f6rsaal an (01, 02, 03 oder 04), die letzten beiden Zahlen bilden die Nummer des Sitzplatzes.<\/li><li>Ab 30 Minuten vor Beginn der Veranstaltung erfolgt der Einlass ins Geb\u00e4ude \/ den Raum. Der Einlass erfolgt nur am Nordeingang (zum Campus hin). Dabei tragen alle Personen einen Mund-Nasen-Schutz.<\/li><li>Beim Betreten des Geb\u00e4udes sind die H\u00e4nde am bereitgestellten Desinfektionsspender zu desinfizieren.<\/li><\/ul>\n\n\n\n<ul class=\"wp-block-list\" id=\"block-11357712-7af9-4443-93d3-ef5e3a789496\"><li>Beim Verlassen des Geb\u00e4udes nach Abschluss der Veranstaltung wird der dem H\u00f6rsaal am n\u00e4chsten liegende Ausgang benutzt.<\/li><\/ul>\n\n\n\n<p><\/p>\n","protected":false},"excerpt":{"rendered":"<p>Zum Schutz vor Ausbreitung des Virus besteht ein generelles Betretungsverbot des Geb\u00e4udes f\u00fcr Personen, die in Kontakt zu einer infizierten Person stehen oder standen, wenn seit dem Kontakt mit einer infizierten Person noch nicht 14 Tage vergangen sind, oder die Symptome eines Atemwegsinfekts oder erh\u00f6hte Temperatur aufweisen. (Zu m\u00f6glichen Symptomen von COVID-19 geh\u00f6ren: Schnupfen, Halsschmerzen, [&hellip;]<\/p>\n","protected":false},"author":6,"featured_media":0,"parent":29,"menu_order":0,"comment_status":"closed","ping_status":"closed","template":"","meta":{"footnotes":""},"class_list":["post-737","page","type-page","status-publish","hentry","wpbf-post"],"_links":{"self":[{"href":"https:\/\/fius.de\/index.php\/wp-json\/wp\/v2\/pages\/737","targetHints":{"allow":["GET"]}}],"collection":[{"href":"https:\/\/fius.de\/index.php\/wp-json\/wp\/v2\/pages"}],"about":[{"href":"https:\/\/fius.de\/index.php\/wp-json\/wp\/v2\/types\/page"}],"author":[{"embeddable":true,"href":"https:\/\/fius.de\/index.php\/wp-json\/wp\/v2\/users\/6"}],"replies":[{"embeddable":true,"href":"https:\/\/fius.de\/index.php\/wp-json\/wp\/v2\/comments?post=737"}],"version-history":[{"count":17,"href":"https:\/\/fius.de\/index.php\/wp-json\/wp\/v2\/pages\/737\/revisions"}],"predecessor-version":[{"id":1066,"href":"https:\/\/fius.de\/index.php\/wp-json\/wp\/v2\/pages\/737\/revisions\/1066"}],"up":[{"embeddable":true,"href":"https:\/\/fius.de\/index.php\/wp-json\/wp\/v2\/pages\/29"}],"wp:attachment":[{"href":"https:\/\/fius.de\/index.php\/wp-json\/wp\/v2\/media?parent=737"}],"curies":[{"name":"wp","href":"https:\/\/api.w.org\/{rel}","templated":true}]}}