{"id":71,"date":"2019-05-04T14:41:43","date_gmt":"2019-05-04T14:41:43","guid":{"rendered":"https:\/\/fius.de\/test2\/?page_id=71"},"modified":"2025-12-10T18:07:00","modified_gmt":"2025-12-10T17:07:00","slug":"startseite","status":"publish","type":"page","link":"https:\/\/fius.de\/","title":{"rendered":"Startseite"},"content":{"rendered":"\n<p><strong>Willkommen auf der Webseite der Fachgruppe Informatik der Universit\u00e4t Stuttgart<\/strong>!<\/p>\n\n\n\n<p><\/p>\n\n\n\n<p>Unser Ziel ist es, dein Leben w\u00e4hrend deines Studiums an der Universit\u00e4t Stuttgart einfacher zu gestalten. Daf\u00fcr repr\u00e4sentieren wir euch, die Studierenden der Informatikf\u00e4cher, in offiziellen Gremien gegen\u00fcber der Universit\u00e4t und bieten euch Beratung und verschiedene Services an, welche euch euer Studium erleichtern sollen. So f\u00fchren wir zum Beispiel die Erstsemestereinf\u00fchrung durch, veranstalten Spiele- und Grillabende und verleihen Pr\u00fcfungsprotokolle der Pr\u00fcfungen der vorangegangenen Semester.<\/p>\n\n\n\n<p>Gerne helfen wir dir individuell weiter. Unsere T\u00fcr steht fast t\u00e4glich offen \u2013 sei nicht scheu, schaue einfach vorbei! Alternativ kannst Du uns nat\u00fcrlich auch eine <a href=\"mailto:fs@fius.de\" target=\"_blank\" rel=\"noreferrer noopener\">Mail<\/a> schreiben oder uns anrufen. :). Falls du Pr\u00fcfungsprotokolle brauchst, haben wir <a href=\"https:\/\/fius.de\/index.php\/studierende\/verleih\/\" data-type=\"link\" data-id=\"https:\/\/fius.de\/index.php\/studierende\/verleih\/\">hier <\/a>mehr Informationen.<\/p>\n\n\n\n<h3 class=\"wp-block-heading\">Sitzung<\/h3>\n\n\n\n<p>In der Sitzung werden alle wichtige Entscheidungen getroffen und berichtet. Jeder Studierende eines Informatikstudiengangs kann teilnehmen und aktiv abstimmen.<\/p>\n\n\n\n<p>Sie ist in der Vorlesungszeit jeden Dienstag um 13:10Uhr, im Raum 0.108.<\/p>\n\n\n\n<p><\/p>\n\n\n\n<p><\/p>\n","protected":false},"excerpt":{"rendered":"<p>Willkommen auf der Webseite der Fachgruppe Informatik der Universit\u00e4t Stuttgart! Unser Ziel ist es, dein Leben w\u00e4hrend deines Studiums an der Universit\u00e4t Stuttgart einfacher zu gestalten. Daf\u00fcr repr\u00e4sentieren wir euch, die Studierenden der Informatikf\u00e4cher, in offiziellen Gremien gegen\u00fcber der Universit\u00e4t und bieten euch Beratung und verschiedene Services an, welche euch euer Studium erleichtern sollen. So [&hellip;]<\/p>\n","protected":false},"author":3,"featured_media":0,"parent":0,"menu_order":0,"comment_status":"closed","ping_status":"closed","template":"page-sidebar.php","meta":{"footnotes":""},"class_list":["post-71","page","type-page","status-publish","hentry","wpbf-post"],"_links":{"self":[{"href":"https:\/\/fius.de\/index.php\/wp-json\/wp\/v2\/pages\/71","targetHints":{"allow":["GET"]}}],"collection":[{"href":"https:\/\/fius.de\/index.php\/wp-json\/wp\/v2\/pages"}],"about":[{"href":"https:\/\/fius.de\/index.php\/wp-json\/wp\/v2\/types\/page"}],"author":[{"embeddable":true,"href":"https:\/\/fius.de\/index.php\/wp-json\/wp\/v2\/users\/3"}],"replies":[{"embeddable":true,"href":"https:\/\/fius.de\/index.php\/wp-json\/wp\/v2\/comments?post=71"}],"version-history":[{"count":70,"href":"https:\/\/fius.de\/index.php\/wp-json\/wp\/v2\/pages\/71\/revisions"}],"predecessor-version":[{"id":3696,"href":"https:\/\/fius.de\/index.php\/wp-json\/wp\/v2\/pages\/71\/revisions\/3696"}],"wp:attachment":[{"href":"https:\/\/fius.de\/index.php\/wp-json\/wp\/v2\/media?parent=71"}],"curies":[{"name":"wp","href":"https:\/\/api.w.org\/{rel}","templated":true}]}}