{"id":64,"date":"2019-05-04T14:40:27","date_gmt":"2019-05-04T14:40:27","guid":{"rendered":"https:\/\/fius.de\/test2\/?page_id=64"},"modified":"2024-10-18T17:01:14","modified_gmt":"2024-10-18T15:01:14","slug":"datenschutzerklaerung","status":"publish","type":"page","link":"https:\/\/fius.de\/index.php\/datenschutzerklaerung\/","title":{"rendered":"Datenschutzerkl\u00e4rung"},"content":{"rendered":"\n<p>Im Folgenden kl\u00e4ren wir enstsprechend der DSGVO dar\u00fcber auf, welche Arten von personenbezogenen Daten (nachfolgend <em>Daten<\/em>) wir zu welchen Zwecken in welchem Umfang verarbeiten. Die Datenschutzerkl\u00e4rung gilt f\u00fcr alle von uns durchgef\u00fchrten Verarbeitungen personenbezogener Daten, sowohl im Rahmen der Erbringung unserer Leistungen als auch insbesondere auf unserer Webseite (nachfolgend zusammenfassend bezeichnet als <em>Onlineangebot<\/em>).<\/p>\n\n\n\n<p>Stand: 1. September 2021<\/p>\n\n\n\n<h2 class=\"wp-block-heading\" id=\"m3\">Verantwortliche<\/h2>\n\n\n\n<p>Fachgruppe Informatik der Universit\u00e4t Stuttgart<br>Universit\u00e4tsstra\u00dfe 38<br>70569 Stuttgart, Deutschland<\/p>\n\n\n\n<p>E-Mail-Adresse: <a href=\"mailto:fius@informatik.uni-stuttgart.de\">fs@fius.de<\/a><\/p>\n\n\n\n<p>Telefon: 0711\/685 88367.<\/p>\n\n\n\n<p>Impressum: <a rel=\"noopener\" href=\"https:\/\/fius.de\/index.php\/impressum\/\" target=\"_blank\">https:\/\/fius.de\/index.php\/impressum\/<\/a><\/p>\n\n\n\n<p>unter dem Schirm von<\/p>\n\n\n\n<p>Studierendenvertetung Universit\u00e4t Stuttgart<br>Pfaffenwaldring 5c<br>70569 Stuttgart<br>Deutschland<\/p>\n\n\n\n<p>Impressum: <a href=\"https:\/\/stuvus.uni-stuttgart.de\/kontakt\/\">https:\/\/stuvus.uni-stuttgart.de\/kontakt\/<\/a><\/p>\n\n\n\n<h2 class=\"wp-block-heading\" id=\"mOverview\">\u00dcbersicht der Datenverarbeitungen<\/h2>\n\n\n\n<p>Die nachfolgende \u00dcbersicht fasst die Arten der verarbeiteten Daten und die Zwecke ihrer Verarbeitung zusammen und verweist auf die betroffenen Personen.<\/p>\n\n\n\n<h4 class=\"wp-block-heading\">a) Bei Nutzung unseres Webauftritts<\/h4>\n\n\n\n<p>Beim Aufrufen unseres Onlineauftritts werden automatisch Informationen an unseren Server gesendet. Diese Informationen werden tempor\u00e4r bis zu ihrer automatischen L\u00f6schung gespeichert:<\/p>\n\n\n\n<ul class=\"wp-block-list\">\n<li>Nutzungsdaten (z.B., besuchte Webseiten, Interesse an Inhalten, Zugriffszeiten)<\/li>\n\n\n\n<li>Meta-\/Kommunikationsdaten (z.B., Ger\u00e4te-Informationen, IP-Adressen)<\/li>\n<\/ul>\n\n\n\n<p>Sie werden auf Grund der folgenden Zwecke verarbeitet:<\/p>\n\n\n\n<ul class=\"wp-block-list\">\n<li>Zurverf\u00fcgungstellung des Onlineangebotes, seiner Funktionen und Inhalte<\/li>\n\n\n\n<li>Zur Auswertung unserer Sicherheitsma\u00dfnahmen und Stabilit\u00e4t<\/li>\n\n\n\n<li>administrativen Zwecke<\/li>\n<\/ul>\n\n\n\n<p>Die Rechtsgrundlage f\u00fcr die Datenverarbeitung besteht in Art.&nbsp;6 Abs.&nbsp;1 S.&nbsp;1 lit.&nbsp;f DSGVO durch unser <em>berechtigtes Interesse<\/em> an der reibungslosen Nutzung unserer Webseite. Diese Daten werden nicht verwendet um Personen zu identifzieren.<\/p>\n\n\n\n<h4 class=\"wp-block-heading\">b) Bei Nutzung unserer Event-Anmeldeplattform<\/h4>\n\n\n\n<p>Die Datenerfassung in der Event-Anmeldung (basierend auf Pretix) dient der potentiellen Kontaktnachverfolgung durch das zust\u00e4ndige Gesundheitsamt um m\u00f6gliche Infektionsketten nach zu vollziehen.<\/p>\n\n\n\n<p>Hierf\u00fcr erfassen wir Namen, Adresse und Telefonnummer. Bei Aufforderung durch das Gesundheitsamt, werden diese Daten \u00fcber die <a href=\"https:\/\/www.uni-stuttgart.de\/universitaet\/organisation\/verwaltung\/dez4-recht\/\" data-type=\"URL\" data-id=\"https:\/\/www.uni-stuttgart.de\/universitaet\/organisation\/verwaltung\/dez4-recht\/\">Rechtsabteilung der Universit\u00e4t Stuttgart<\/a> an dieses weitergeleitet. Neben diesen Organisationen, werden die Daten nicht an Dritte weitergegeben.<\/p>\n\n\n\n<p>Die Rechtsgrundlage im Sinne der DSGVO ist Art. 6 Abs. 1 S. lit. c, die <em>Erfassung der Daten aus rechtlicher Verpflichtung<\/em> durch die <a href=\"https:\/\/www.baden-wuerttemberg.de\/de\/service\/aktuelle-infos-zu-corona\/uebersicht-corona-verordnungen\/coronavo-studienbetrieb-und-kunst\/]\" data-type=\"URL\" data-id=\"https:\/\/www.baden-wuerttemberg.de\/de\/service\/aktuelle-infos-zu-corona\/uebersicht-corona-verordnungen\/coronavo-studienbetrieb-und-kunst\/]\">CoronaVO Studienbetrieb <\/a>\u00a77 Abs. 1 <em>Datenverarbeitung an Hochschulen f\u00fcr Bereiche mit Studienbetrieb<\/em> vom Land Baden-W\u00fcrttemberg.<\/p>\n\n\n\n<p>Au\u00dferdem wird die E-Mail Adresse erhoben, um das Einlassticket den Nutzer*innen zukommen zu lassen.<\/p>\n\n\n\n<p>Hierf\u00fcr bildet Art. 6 Abs. 1 lit. b die <em>Verarbeitung f\u00fcr die Erf\u00fcllung eines Vertrags, dessen Vertragspartei die betroffene Person ist<\/em> die Rechtsgrundlage.<\/p>\n\n\n\n<p>Die Dauer der Speicherung bel\u00e4uft maximal 1 Jahr.<\/p>\n\n\n\n<h4 class=\"wp-block-heading\">c) Bei Nutzung unserer Mail-Adresse und unseres Kontaktformulars<\/h4>\n\n\n\n<p>Bei Fragen sind wir \u00fcber unser E-Mail-Adresse erreichbar. Hierf\u00fcr ist die Angabe von Kontaktdaten, insbesondere einer g\u00fcltigen E-Mail-Adresse der betroffenen Person erforderlich. Diese dient der Zuordnung und m\u00f6glichen Beantwortung. Jegliche weitere Angaben werden freiwillig get\u00e4tigt.<\/p>\n\n\n\n<p>Wir stellen eine M\u00f6glichkeit uns \u00fcber ein Kontaktformular zu erreichen bereit. Hierf\u00fcr ist keine Angabe von pers\u00f6nlichen Daten erforderlich. Hierbei ist weder die Zuordnung noch die Beantwortung m\u00f6glich.<\/p>\n\n\n\n<p>Als K\u00f6R erfolgt die Datenverarbeitung zum Zwecke der Kontaktaufnahme mit uns nach Art.&nbsp;6 Abs.&nbsp;1 S.&nbsp;1 lit.&nbsp;e DSGVO auf Grundlage der <em>Wahrnehmung einer Aufgabe \u00f6ffentlichen Interesse<\/em>.<\/p>\n\n\n\n<h4 class=\"wp-block-heading\">d) Bei Nutzung unserer Mailinglisten<\/h4>\n\n\n\n<p>Die Fachgruppe Informatik verwaltet verschiedene E-Mail-Verteiler, welche unterschiedliche studienrelevante Informationen verbreiten.<br>Daf\u00fcr ben\u00f6tigen wir von den betroffenen Personen g\u00fcltige E-Mail-Adressen sowie Informationen, welche uns die \u00dcberpr\u00fcfung gestatten, dass diese die Inhaber*innen der angegebenen E-Mail-Adressen sind und mit dem Empfang der Mails \u00fcber den jeweiligen Verteiler einverstanden sind.<br>Bei der manuellen Anmeldung f\u00fcr einen dieser Verteiler erfolgt die Rechtsgrundlage durch Art. 6 Abs. 1 S. 1 lit. a DSGVO in der <em>Einwilligung zu der Verarbeitung<\/em> dieser Daten zum Versand der Mails.<\/p>\n\n\n\n<p>Studierende des Fachbereichs haben die M\u00f6glichkeit sich f\u00fcr einen Account der Rechnerpools der Informatik zu registrieren. Dies beinhaltet die automatische Anmeldung an einigen unserer Verteiler.<br>Durch diesen Umstand wird das Studierendenk\u00fcrzel, auf dem die Account-gebundene E-Mail-Adresse basiert, von den Zentralen Diensten Informatik an uns, die Fachgruppe, weitergegeben. Dieses K\u00fcrzel setzt sich aus meist unvollst\u00e4ndigen Informationen \u00fcber Vor- und Nachnamen zusammen.<br>Die <em>Einwilligung<\/em> zur Speicherung gem\u00e4\u00df Art. 6 Abs. 1 S. 1 lit. a DSGVO, Weitergabe an die Fachgruppe Informatik und Nutzung dieser Daten zum Versand der Mails wird bei Anmeldung zu dem Rechnerpool-Account gegeben.<br>Die erteilte Einwilligung zur Speicherung der Daten, der E-Mail-Adresse sowie deren Nutzung zum Versand der Mails k\u00f6nnen jederzeit widerrufen werden. Sie erlischt mit der entg\u00fcltigen Abmeldung des Accounts.<\/p>\n\n\n\n<p>Weitere Daten werden nicht erhoben. Diese Daten verwenden wir ausschlie\u00dflich f\u00fcr den Versand der angeforderten Informationen und geben diese nicht an Dritte weiter.<\/p>\n\n\n\n<p>Die Einwilligung kann auf der Seite des jeweiligen Verteilers wiederrufen werden. Eine Liste aller \u00f6ffentlichen Mailinglisten findet sich unter <a href=\"https:\/\/fius.de\/mailman\">https:\/\/fius.de\/mailman<\/a>.<\/p>\n\n\n\n<p>Die automatische Anmeldung beinhaltet folgende Verteiler:<br>\u2013 \u201estudi-misc\u201c: <a href=\"https:\/\/fius.de\/mailman\/listinfo\/studi-misc\">https:\/\/fius.de\/mailman\/listinfo\/studi-misc<\/a><br>\u2013 \u201estudi-info\u201c: <a href=\"https:\/\/fius.de\/mailman\/listinfo\/studi-info\">https:\/\/fius.de\/mailman\/listinfo\/studi-info<\/a><\/p>\n\n\n\n<p>Jegliche Informationen welche an diese E-Mail-Verteiler gesendet werden, k\u00f6nnen von den Abnonennten dieser Verteiler eingesehen werden. Eine r\u00fcckwirkende L\u00f6schung aus deren Postfach kann nicht gew\u00e4hrleistet werden.<\/p>\n\n\n\n<h2 class=\"wp-block-heading\">OpenStreetMap<\/h2>\n\n\n\n<p>Auf unseren Webseiten verlinken wir zum Dienst <em><a href=\"https:\/\/www.openstreetmap.de\/\" data-type=\"URL\" data-id=\"https:\/\/www.openstreetmap.de\/\">OpenStreetMap<\/a><\/em> (kurz: OSM). Die Nutzerdaten werden durch OSM zum Zweck der Darstellung der Kartenfunktionen und zur Zwischenspeicherung der gew\u00e4hlten Einstellungen verwendet.  Dies kann IP-Adressen und Standortdaten der Nutzer beinhalten. Hierf\u00fcr ist jedoch die Einwilligung \u00fcber entsprechende Ger\u00e4teeinstellungen erforderlich. Datenschutzerkl\u00e4rung: <a rel=\"noreferrer noopener\" href=\"https:\/\/wiki.openstreetmap.org\/wiki\/Privacy_Policy\" target=\"_blank\">https:\/\/wiki.openstreetmap.org\/wiki\/Privacy_Policy<\/a>.<\/p>\n\n\n\n<h2 class=\"wp-block-heading\" id=\"m27\">Sicherheitsma\u00dfnahmen<\/h2>\n\n\n\n<p>Wir treffen nach Ma\u00dfgabe der gesetzlichen Vorgaben unter Ber\u00fccksichtigung des Stands der Technik, der Implementierungskosten und der Art, des Umfangs, der Umst\u00e4nde und der Zwecke der Verarbeitung sowie der unterschiedlichen Eintrittswahrscheinlichkeiten und des Ausma\u00dfes der Bedrohung der Rechte und Freiheiten nat\u00fcrlicher Personen geeignete technische und organisatorische Ma\u00dfnahmen, um ein dem Risiko angemessenes Schutzniveau zu gew\u00e4hrleisten.<\/p>\n\n\n\n<p>Zu den Ma\u00dfnahmen geh\u00f6ren insbesondere die Sicherung der Vertraulichkeit, Integrit\u00e4t und Verf\u00fcgbarkeit von Daten durch Kontrolle des physischen und elektronischen Zugangs zu den Daten als auch des sie betreffenden Zugriffs, der Eingabe, der Weitergabe, der Sicherung der Verf\u00fcgbarkeit und ihrer Trennung. Des Weiteren haben wir Verfahren eingerichtet, die eine Wahrnehmung von Betroffenenrechten, die L\u00f6schung von Daten und Reaktionen auf die Gef\u00e4hrdung der Daten gew\u00e4hrleisten. Ferner ber\u00fccksichtigen wir den Schutz personenbezogener Daten bereits bei der Entwicklung bzw. Auswahl von Hardware, Software sowie Verfahren entsprechend dem Prinzip des Datenschutzes, durch Technikgestaltung und durch datenschutzfreundliche Voreinstellungen.<\/p>\n\n\n\n<p><strong>SSL-Verschl\u00fcsselung (https)<\/strong>: Um Ihre via unserem Online-Angebot \u00fcbermittelten Daten zu sch\u00fctzen, nutzen wir eine SSL-Verschl\u00fcsselung. Sie erkennen derart verschl\u00fcsselte Verbindungen an dem Pr\u00e4fix https:\/\/ in der Adresszeile Ihres Browsers.<\/p>\n\n\n\n<h2 class=\"wp-block-heading\" id=\"m12\">L\u00f6schung von Daten<\/h2>\n\n\n\n<p>Die von uns verarbeiteten Daten werden nach Ma\u00dfgabe der gesetzlichen Vorgaben gel\u00f6scht, sobald deren zur Verarbeitung erlaubten Einwilligungen widerrufen werden oder sonstige Erlaubnisse entfallen (z.B. wenn der Zweck der Verarbeitung dieser Daten entfallen ist oder sie f\u00fcr den Zweck nicht erforderlich sind).<\/p>\n\n\n\n<p>Sofern die Daten nicht gel\u00f6scht werden, weil sie f\u00fcr andere und gesetzlich zul\u00e4ssige Zwecke erforderlich sind, wird deren Verarbeitung auf diese Zwecke beschr\u00e4nkt. D.h., die Daten werden gesperrt und nicht f\u00fcr andere Zwecke verarbeitet. Das gilt z.B. f\u00fcr Daten, die aus handels- oder steuerrechtlichen Gr\u00fcnden aufbewahrt werden m\u00fcssen oder deren Speicherung zur Geltendmachung, Aus\u00fcbung oder Verteidigung von Rechtsanspr\u00fcchen oder zum Schutz der Rechte einer anderen nat\u00fcrlichen oder juristischen Person erforderlich ist.<\/p>\n\n\n\n<p>Unsere Datenschutzhinweise k\u00f6nnen ferner weitere Angaben zu der Aufbewahrung und L\u00f6schung von Daten beinhalten, die f\u00fcr die jeweiligen Verarbeitungen vorrangig gelten.<\/p>\n\n\n\n<h2 class=\"wp-block-heading\" id=\"m134\">Einsatz von Cookies<\/h2>\n\n\n\n<p>Wir nutzen technisch notwendige Cookies um Inhalte unseres Onlineauftritts anbieten zu k\u00f6nnen. Insbesondere nutzen wir Cookies um in unserem Event-Anmeldesystem den Warenkorb f\u00fcr die betroffene Person persistent zu gestalten. Hierf\u00fcr ist notwendig deren Browser auch nach einem Seitenwechsel zu identifizieren. <\/p>\n\n\n\n<p>Die Verarbeitung erfolgt gem\u00e4\u00df Art. 6 Abs. 1 lit. b DSGVO zur <em>Durchf\u00fchrung vorvertraglicher Ma\u00dfnahmen<\/em>.<\/p>\n\n\n\n<p>Die Dauer der Speicherung betr\u00e4gt maximal zwei Stunden.<\/p>\n\n\n\n<h3 class=\"wp-block-heading\" id=\"dsg-organisation\">Erbringung unserer satzungs- und gesch\u00e4ftsgem\u00e4\u00dfen Leistungen<\/h3>\n\n\n\n<p>Wir verarbeiten die Daten unserer Mitglieder, Unterst\u00fctzer, Interessenten, Kunden oder sonstiger Personen entsprechend Art. 6 Abs. 1 lit. b. DSGVO, sofern wir ihnen gegen\u00fcber vertragliche Leistungen anbieten oder im Rahmen bestehender gesch\u00e4ftlicher Beziehung, z.B. gegen\u00fcber Mitgliedern, t\u00e4tig werden oder selbst Empf\u00e4nger von Leistungen und Zuwendungen sind. Im \u00dcbrigen verarbeiten wir die Daten betroffener Personen gem. Art. 6 Abs. 1 lit. f. DSGVO auf Grundlage unserer berechtigten Interessen, z.B. wenn es sich um administrative Aufgaben oder \u00d6ffentlichkeitsarbeit handelt.<\/p>\n\n\n\n<p>Die hierbei verarbeiteten Daten, die Art, der Umfang und der Zweck und die Erforderlichkeit ihrer Verarbeitung bestimmen sich nach dem zugrundeliegenden Vertragsverh\u00e4ltnis. Dazu geh\u00f6ren grunds\u00e4tzlich Bestandsdaten, als auch die Kontaktdaten (z.B., E-Mailadresse, Telefon, etc.) und die Vertragsdaten (z.B., in Anspruch genommene Leistungen, mitgeteilte Inhalte und Informationen und Namen von Kontaktpersonen).<\/p>\n\n\n\n<p>Wir l\u00f6schen Daten, die zur Erbringung unserer satzungs- und gesch\u00e4ftsm\u00e4\u00dfigen Zwecke nicht mehr erforderlich sind. Dies bestimmt sich entsprechend der jeweiligen Aufgaben und vertraglichen Beziehungen. Im Fall gesch\u00e4ftlicher Verarbeitung bewahren wir die Daten so lange auf, wie sie zur Gesch\u00e4ftsabwicklung, als auch im Hinblick auf etwaige Gew\u00e4hrleistungs- oder Haftungspflichten relevant sein k\u00f6nnen. Die Erforderlichkeit der Aufbewahrung der Daten wird alle drei Jahre \u00fcberpr\u00fcft; im \u00dcbrigen gelten die gesetzlichen Aufbewahrungspflichten.<\/p>\n\n\n\n<h3 class=\"wp-block-heading\" id=\"dsg-contact\">Kontaktaufnahme<\/h3>\n\n\n\n<p>Bei der Kontaktaufnahme mit uns (z.B. per E-Mail, Telefon oder via sozialer Medien) werden die Angaben des Nutzers zur Bearbeitung der Kontaktanfrage und deren Abwicklung gem. Art. 6 Abs. 1 lit. b. (im Rahmen vertraglicher-\/vorvertraglicher Beziehungen), Art. 6 Abs. 1 lit. f. (andere Anfragen) DSGVO verarbeitet.<\/p>\n\n\n\n<p>Wir l\u00f6schen die Anfragen, sofern diese nicht mehr erforderlich sind. Wir \u00fcberpr\u00fcfen die Erforderlichkeit alle zwei Jahre; Ferner gelten die gesetzlichen Archivierungspflichten.<\/p>\n\n\n\n<h2 class=\"wp-block-heading\" id=\"m15\">\u00c4nderung und Aktualisierung der Datenschutzerkl\u00e4rung<\/h2>\n\n\n\n<p>Wir bitten Sie, sich regelm\u00e4\u00dfig \u00fcber den Inhalt unserer Datenschutzerkl\u00e4rung zu informieren. Wir passen die Datenschutzerkl\u00e4rung an, sobald die \u00c4nderungen der von uns durchgef\u00fchrten Datenverarbeitungen dies erforderlich machen. Wir informieren Sie, sobald durch die \u00c4nderungen eine Mitwirkungshandlung Ihrerseits (z.B. Einwilligung) oder eine sonstige individuelle Benachrichtigung erforderlich wird.<\/p>\n\n\n\n<p>Sofern wir in dieser Datenschutzerkl\u00e4rung Adressen und Kontaktinformationen Dritter angeben, bitten wir zu beachten, dass die Adressen sich \u00fcber die Zeit \u00e4ndern k\u00f6nnen und bitten die Angaben vor Kontaktaufnahme zu pr\u00fcfen.<\/p>\n\n\n\n<h2 class=\"wp-block-heading\" id=\"m10\">Rechte der betroffenen Personen<\/h2>\n\n\n\n<p>Ihnen stehen als Betroffene nach der DSGVO verschiedene Rechte zu, die sich insbesondere aus Art. 15 bis 21 DSGVO ergeben:<\/p>\n\n\n\n<ul class=\"wp-block-list\">\n<li><strong>Widerspruchsrecht: Sie haben das Recht, aus Gr\u00fcnden, die sich aus Ihrer besonderen Situation ergeben, jederzeit gegen die Verarbeitung der Sie betreffenden personenbezogenen Daten, die aufgrund von Art. 6 Abs. 1 lit. e oder f DSGVO erfolgt, Widerspruch einzulegen; dies gilt auch f\u00fcr ein auf diese Bestimmungen gest\u00fctztes Profiling. Werden die Sie betreffenden personenbezogenen Daten verarbeitet, um Direktwerbung zu betreiben, haben Sie das Recht, jederzeit Widerspruch gegen die Verarbeitung der Sie betreffenden personenbezogenen Daten zum Zwecke derartiger Werbung einzulegen; dies gilt auch f\u00fcr das Profiling, soweit es mit solcher Direktwerbung in Verbindung steht.<\/strong><\/li>\n\n\n\n<li><strong>Widerrufsrecht bei Einwilligungen:<\/strong> Sie haben das Recht, erteilte Einwilligungen jederzeit zu widerrufen.<\/li>\n\n\n\n<li><strong>Auskunftsrecht:<\/strong> Sie haben das Recht, eine Best\u00e4tigung dar\u00fcber zu verlangen, ob betreffende Daten verarbeitet werden und auf Auskunft \u00fcber diese Daten sowie auf weitere Informationen und Kopie der Daten entsprechend den gesetzlichen Vorgaben.<\/li>\n\n\n\n<li><strong>Recht auf Berichtigung:<\/strong> Sie haben entsprechend den gesetzlichen Vorgaben das Recht, die Vervollst\u00e4ndigung der Sie betreffenden Daten oder die Berichtigung der Sie betreffenden unrichtigen Daten zu verlangen.<\/li>\n\n\n\n<li><strong>Recht auf L\u00f6schung und Einschr\u00e4nkung der Verarbeitung:<\/strong> Sie haben nach Ma\u00dfgabe der gesetzlichen Vorgaben das Recht, zu verlangen, dass Sie betreffende Daten unverz\u00fcglich gel\u00f6scht werden, bzw. alternativ nach Ma\u00dfgabe der gesetzlichen Vorgaben eine Einschr\u00e4nkung der Verarbeitung der Daten zu verlangen.<\/li>\n\n\n\n<li><strong>Recht auf Daten\u00fcbertragbarkeit:<\/strong> Sie haben das Recht, Sie betreffende Daten, die Sie uns bereitgestellt haben, nach Ma\u00dfgabe der gesetzlichen Vorgaben in einem strukturierten, g\u00e4ngigen und maschinenlesbaren Format zu erhalten oder deren \u00dcbermittlung an einen anderen Verantwortlichen zu fordern.<\/li>\n\n\n\n<li><strong>Beschwerde bei Aufsichtsbeh\u00f6rde:<\/strong> Sie haben unbeschadet eines anderweitigen verwaltungsrechtlichen oder gerichtlichen Rechtsbehelfs das Recht auf Beschwerde bei einer Aufsichtsbeh\u00f6rde, insbesondere in dem Mitgliedstaat ihres gew\u00f6hnlichen Aufenthaltsorts, ihres Arbeitsplatzes oder des Orts des mutma\u00dflichen Versto\u00dfes, wenn Sie der Ansicht sind, dass die Verarbeitung der Sie betreffenden personenbezogenen Daten gegen die Vorgaben der DSGVO verst\u00f6\u00dft.<\/li>\n<\/ul>\n\n\n\n<p>F\u00fcr uns zust\u00e4ndige Aufsichtsbeh\u00f6rde:<\/p>\n\n\n\n<p>Der Landesbeauftragte f\u00fcr den Datenschutz und die Informationsfreiheit Baden-W\u00fcrttemberg<br>Postfach 10 29 32, 70025 Stuttgart<br>K\u00f6nigstra\u00dfe 10a, 70173 Stuttgart<br>Tel.: 0711\/61 55 41 \u2013 0<br>Fax: 0711\/61 55 41 \u2013 15<br>E-Mail: <a href=\"mailto:poststelle@lfdi.bwl.de\">poststelle@lfdi.bwl.de<\/a><br>Internet: <a href=\"https:\/\/www.baden-wuerttemberg.datenschutz.de\" target=\"_blank\" rel=\"noopener\">https:\/\/www.baden-wuerttemberg.datenschutz.de<\/a><\/p>\n\n\n\n<p class=\"seal\"><a title=\"Rechtstext von Dr. Schwenke - f\u00fcr weitere Informationen bitte anklicken.\" rel=\"noopener noreferrer nofollow\" href=\"https:\/\/datenschutz-generator.de\/?l=de\" target=\"_blank\">Erstellt mit kostenlosem Datenschutz-Generator.de von Dr. Thomas Schwenke<\/a>. Vom Webseiteninhaber angepasst.<\/p>\n","protected":false},"excerpt":{"rendered":"<p>Im Folgenden kl\u00e4ren wir enstsprechend der DSGVO dar\u00fcber auf, welche Arten von personenbezogenen Daten (nachfolgend Daten) wir zu welchen Zwecken in welchem Umfang verarbeiten. Die Datenschutzerkl\u00e4rung gilt f\u00fcr alle von uns durchgef\u00fchrten Verarbeitungen personenbezogener Daten, sowohl im Rahmen der Erbringung unserer Leistungen als auch insbesondere auf unserer Webseite (nachfolgend zusammenfassend bezeichnet als Onlineangebot). Stand: 1. [&hellip;]<\/p>\n","protected":false},"author":3,"featured_media":0,"parent":0,"menu_order":0,"comment_status":"closed","ping_status":"closed","template":"","meta":{"footnotes":""},"class_list":["post-64","page","type-page","status-publish","hentry","wpbf-post"],"_links":{"self":[{"href":"https:\/\/fius.de\/index.php\/wp-json\/wp\/v2\/pages\/64","targetHints":{"allow":["GET"]}}],"collection":[{"href":"https:\/\/fius.de\/index.php\/wp-json\/wp\/v2\/pages"}],"about":[{"href":"https:\/\/fius.de\/index.php\/wp-json\/wp\/v2\/types\/page"}],"author":[{"embeddable":true,"href":"https:\/\/fius.de\/index.php\/wp-json\/wp\/v2\/users\/3"}],"replies":[{"embeddable":true,"href":"https:\/\/fius.de\/index.php\/wp-json\/wp\/v2\/comments?post=64"}],"version-history":[{"count":5,"href":"https:\/\/fius.de\/index.php\/wp-json\/wp\/v2\/pages\/64\/revisions"}],"predecessor-version":[{"id":3243,"href":"https:\/\/fius.de\/index.php\/wp-json\/wp\/v2\/pages\/64\/revisions\/3243"}],"wp:attachment":[{"href":"https:\/\/fius.de\/index.php\/wp-json\/wp\/v2\/media?parent=64"}],"curies":[{"name":"wp","href":"https:\/\/api.w.org\/{rel}","templated":true}]}}