{"id":56,"date":"2019-05-04T14:36:14","date_gmt":"2019-05-04T14:36:14","guid":{"rendered":"https:\/\/fius.de\/test2\/?page_id=56"},"modified":"2024-09-04T17:22:02","modified_gmt":"2024-09-04T15:22:02","slug":"infos-zu-pruefungen","status":"publish","type":"page","link":"https:\/\/fius.de\/index.php\/studierende\/infos-zu-pruefungen\/","title":{"rendered":"Infos zu Pr\u00fcfungen"},"content":{"rendered":"\n<div class=\"wp-block-group important is-layout-flow wp-block-group-is-layout-flow\">\n<p>Dieses FAQ soll ein paar Fragen zu euren ersten Pr\u00fcfungen hier an der Uni beantworten. Alle Angaben sind <strong>ohne Gew\u00e4hr<\/strong>; Verbindlich ist wie immer nur die Pr\u00fcfungsordnung.<\/p>\n<\/div>\n\n\n\n<div class=\"wp-block-group is-layout-flow wp-block-group-is-layout-flow\">\n<div class=\"wp-block-group is-layout-flow wp-block-group-is-layout-flow\">\n<p>Wichtige Links:<\/p>\n\n\n\n<ul class=\"wp-block-list\">\n<li>Pr\u00fcfungsordnung: <a href=\"http:\/\/www.uni-stuttgart.de\/studieren\/service\/admin\/po\/index.html\" target=\"_blank\" rel=\"noreferrer noopener\">http:\/\/www.uni-stuttgart.de\/studieren\/service\/admin\/po\/index.html<\/a><\/li>\n\n\n\n<li>Pr\u00fcfungsamt: <a href=\"http:\/\/www.uni-stuttgart.de\/pruefungsamt\/\" target=\"_blank\" rel=\"noreferrer noopener\">http:\/\/www.uni-stuttgart.de\/pruefungsamt\/<\/a><\/li>\n\n\n\n<li>Pr\u00fcfungsanmeldung: <a href=\"https:\/\/campus.uni-stuttgart.de\/\">https:\/\/campus.uni-stuttgart.de\/<\/a>\n<ul class=\"wp-block-list\">\n<li>Anleitungen zum Campus-System <a href=\"https:\/\/www.student.uni-stuttgart.de\/digital-services\/campus\/\">https:\/\/www.student.uni-stuttgart.de\/digital-services\/campus\/<\/a><\/li>\n<\/ul>\n<\/li>\n\n\n\n<li>Pr\u00fcfungstermine: <a href=\"https:\/\/www.student.uni-stuttgart.de\/pruefungsorganisation\/termine\/\">https:\/\/www.student.uni-stuttgart.de\/pruefungsorganisation\/termine\/<\/a><\/li>\n<\/ul>\n<\/div>\n\n\n\n<p><\/p>\n<\/div>\n\n\n\n<h4 class=\"wp-block-heading\">Wie l\u00e4uft das mit der Pr\u00fcfungsanmeldung?<\/h4>\n\n\n\n<p>Die Pr\u00fcfungsanmeldung erfolgt online. Dazu meldet ihr euch auf der Seite des <a href=\"https:\/\/fius.de\/index.php\/studierende\/studienverlauf-semestertermine\/\" data-type=\"page\" data-id=\"242\">Campus-Systems<\/a> standardm\u00e4\u00dfig mit eurem st-K\u00fcrzel an und k\u00f6nnt euch dort dann unter dem Punkt &#8222;Meine Pr\u00fcfungstermine&#8220; und dann entweder \u00fcber den Reiter &#8222;Anmeldung \u00fcber Studienverlausplan&#8220; oder &#8222;Pr\u00fcfungsanmeldung -Suche&#8220; zu verschiedenen Pr\u00fcfungen, Seminaren und Praxisprojekten anmelden. <\/p>\n\n\n\n<h4 class=\"wp-block-heading\">Wie kann ich mich wieder von einer Pr\u00fcfung abmelden?<\/h4>\n\n\n\n<p>Bis eine Woche vor dem Pr\u00fcfungstermin kannst du dich problemlos ohne Angabe von Gr\u00fcnden \u00fcber das <a href=\"https:\/\/fius.de\/index.php\/studierende\/studienverlauf-semestertermine\/\">Campus-System<\/a> wieder abmelden. Dies gilt jedoch nicht, wenn du bereits im Pr\u00fcfungsverfahren bist \u2013 du z.B. die Pr\u00fcfung einmal nicht bestanden hast oder aufgrund von Krankheit die Pr\u00fcfung nicht schreiben konntest ohne dich eine Woche zuvor abzumelden.<br>Ist man bereits im Pr\u00fcfungsverfahren so muss man zwischen verschiedenen Pr\u00fcfungsordnungen (PO) unterscheiden. In der PO 2012 (Studium vor 2017 begonnen) muss man die Pr\u00fcfung bei der n\u00e4chsten Gelegenheit (i.d.R: dem n\u00e4chsten Semester) ablegen. Bei der PO 2017 (Studium nach 2017 begonnen) hingegen innerhalb des n\u00e4chsten Jahres. Somit kann die Vorlesung nochmals geh\u00f6rt werden.<br><\/p>\n\n\n\n<p><\/p>\n\n\n\n<p>Bei krankheitsbedingtem Pr\u00fcfungsr\u00fccktritt muss das Formular des Pr\u00fcfungsamts ausgef\u00fcllt werden (<a href=\"https:\/\/www.student.uni-stuttgart.de\/en\/exams\/forms\/\">https:\/\/www.student.uni-stuttgart.de\/pruefungsorganisation\/formulare\/<\/a>) und zusammen mit der Arbeitsunf\u00e4higkeitsbescheinigung des Arztes beim Pr\u00fcfungsamt abgegeben werden.<br>Bei m\u00fcndlichen Pr\u00fcfungen sollte zus\u00e4tzlich der\/die Pr\u00fcfer*in bzw. dessen\/deren Sekretariat informiert werden.<\/p>\n\n\n\n<h4 class=\"wp-block-heading\">Wie soll ich mich auf die Pr\u00fcfung vorbereiten?<\/h4>\n\n\n\n<ul class=\"wp-block-list\">\n<li>Arbeite, sofern vorhanden, das Skript, die Folien und deine Aufschriebe durch.<\/li>\n\n\n\n<li>Mache alle \u00dcbungsaufgaben.<\/li>\n\n\n\n<li>Besorge dir alte Pr\u00fcfungen (gibt&#8217;s in der Fachgruppe) und \u00fcbe damit.<\/li>\n\n\n\n<li>Schreibe eine Formelsammlung (auch wenn du sie nachher in der Pr\u00fcfung nicht benutzen darfst).<\/li>\n\n\n\n<li>Lerne zusammen mit Kommilitonen und Kommilitoninnen.<\/li>\n\n\n\n<li>L\u00f6chere die Mitarbeiter*innen in der jeweiligen Abteilung mit deinen Fragen (nur keine Hemmungen!)<\/li>\n\n\n\n<li>Sofern eine Fragestunde\/Pr\u00fcfungsvorbereitung angeboten wird, ist es empfehlenswert daran teilzunehmen.<\/li>\n<\/ul>\n\n\n\n<h4 class=\"wp-block-heading\">Irgendwelche Tipps zur Pr\u00fcfung selbst?<\/h4>\n\n\n\n<ul class=\"wp-block-list\">\n<li>Informiere dich vor der Pr\u00fcfung, wann und wo deine Pr\u00fcfung stattfindet (in <a href=\"https:\/\/fius.de\/index.php\/studierende\/studienverlauf-semestertermine\/\">Campus<\/a>). Da die Pr\u00fcfungen h\u00e4ufig alphabetisch getrennt in unterschiedlichen R\u00e4umen stattfinden, solltest du dich nicht auf die Angaben von Kommiliton*innen verlassen, sondern selber nachschauen! Wenn du den Raum nicht kennst, informiere dich vorher, wo er liegt.<\/li>\n\n\n\n<li>Finde heraus, welche Hilfsmittel erlaubt sind. Im Normalfall k\u00fcndigt der\/die Dozent*in das entsprechend an und es wird auch in <a href=\"https:\/\/fius.de\/index.php\/studierende\/studienverlauf-semestertermine\/\">Campus<\/a> bei deinen Pr\u00fcfungsterminen aufgef\u00fchrt. Wenn du eine Formelsammlung mitbringen darfst, fange rechtzeitig damit an sie zu schreiben.<\/li>\n\n\n\n<li>Sei rechtzeitig da (mindestens 20 Minuten vorher).<\/li>\n\n\n\n<li><strong>Studienausweis <\/strong>und Schein (falls erforderlich, in den meisten F\u00e4llen wird es keine Papierschein geben)<strong> nicht vergessen!<\/strong><\/li>\n\n\n\n<li>Pr\u00fcfungen sind lang, ggf. solltest du Essen und Getr\u00e4nke mitnehmen.<\/li>\n\n\n\n<li>Don&#8217;t panic! \ud83d\ude09<\/li>\n<\/ul>\n\n\n\n<h4 class=\"wp-block-heading\">Was passiert, wenn ich durchgefallen bin?<\/h4>\n\n\n\n<p>Mit einer Note schlechter als 4,0 gillt eine Pr\u00fcfung als nicht bestanden. Abh\u00e4ngig von deiner Pr\u00fcfungsordnung (PO) musst du die Pr\u00fcfung entweder bei der n\u00e4chsten Gelegenheit (PO 2012) oder im laufe der n\u00e4chsten 2 Semester (PO 2017) wiederholen. Bestehst du die Pr\u00fcfung auch dann nicht, kannst du bei drei Pr\u00fcfungen zu einem Drittversuch antreten (Orientierungspr\u00fcfungen ausgeschlossen). Bestehst du den Drittversuch nicht (bzw. bei Orientierungspr\u00fcfungen den Zweitversuch), so hast du die Chance in einer m\u00fcndlichen Nachpr\u00fcfung noch auf eine 4,0 zu kommen. Wichtig: eine m\u00fcndliche Nachpr\u00fcfung gibt es nur wenn du alle schriftlichen Versuche aufgebraucht hast!<br>Drittversuche k\u00f6nnen nicht bei Orientierungspr\u00fcfungen oder der Bachelorarbeit benutzt werden.<\/p>\n\n\n\n<h4 class=\"wp-block-heading\">Wie erfahre ich meine Noten?<\/h4>\n\n\n\n<p>Die Noten werden im <a href=\"https:\/\/fius.de\/index.php\/studierende\/studienverlauf-semestertermine\/\">Campus-System<\/a> unter &#8222;Meine Leistungen&#8220; eingetragen und k\u00f6nnen dort eingesehen werden. Manchmal h\u00e4ngen sie auch einige Wochen nach der Pr\u00fcfung am Schwarzen Brett des jeweiligen Instituts oder auf deren Webseite aus. Dort steht dann auch, wann du deine Pr\u00fcfung einsehen kannst, und wo du dich zur m\u00fcndlichen Nachpr\u00fcfung anmeldest, falls du zum 2. bzw. 3. Mal durchgefallen bist.<\/p>\n\n\n\n<h4 class=\"wp-block-heading\">Was f\u00fcr Risiken gehe ich ein, wenn ich Pr\u00fcfungen \u201eschiebe\u201c?<\/h4>\n\n\n\n<ul class=\"wp-block-list\">\n<li>Dein Studium verl\u00e4ngert sich dadurch.<\/li>\n\n\n\n<li>Es kann passieren, dass ein andere*r Dozent*in f\u00fcr das Modul verantwortlich wird und sich der Inhalt und somit der Pr\u00fcfungsstoff \u00e4ndert.<\/li>\n\n\n\n<li>Du musst pl\u00f6tzlich sehr viele Pr\u00fcfungen in einem Pr\u00fcfungszeitraum schreiben.<\/li>\n<\/ul>\n\n\n\n<p><strong>Du solltest Pr\u00fcfungen also nur schieben, wenn es sich nicht vermeiden l\u00e4sst<\/strong>!<\/p>\n\n\n\n<p class=\"has-text-align-right has-vivid-red-color has-text-color\"><em>alle Angaben ohne Gew\u00e4hr<\/em><\/p>\n","protected":false},"excerpt":{"rendered":"<p>Dieses FAQ soll ein paar Fragen zu euren ersten Pr\u00fcfungen hier an der Uni beantworten. Alle Angaben sind ohne Gew\u00e4hr; Verbindlich ist wie immer nur die Pr\u00fcfungsordnung. Wichtige Links: Wie l\u00e4uft das mit der Pr\u00fcfungsanmeldung? Die Pr\u00fcfungsanmeldung erfolgt online. Dazu meldet ihr euch auf der Seite des Campus-Systems standardm\u00e4\u00dfig mit eurem st-K\u00fcrzel an und k\u00f6nnt [&hellip;]<\/p>\n","protected":false},"author":4,"featured_media":0,"parent":30,"menu_order":0,"comment_status":"closed","ping_status":"closed","template":"","meta":{"footnotes":""},"class_list":["post-56","page","type-page","status-publish","hentry","wpbf-post"],"_links":{"self":[{"href":"https:\/\/fius.de\/index.php\/wp-json\/wp\/v2\/pages\/56","targetHints":{"allow":["GET"]}}],"collection":[{"href":"https:\/\/fius.de\/index.php\/wp-json\/wp\/v2\/pages"}],"about":[{"href":"https:\/\/fius.de\/index.php\/wp-json\/wp\/v2\/types\/page"}],"author":[{"embeddable":true,"href":"https:\/\/fius.de\/index.php\/wp-json\/wp\/v2\/users\/4"}],"replies":[{"embeddable":true,"href":"https:\/\/fius.de\/index.php\/wp-json\/wp\/v2\/comments?post=56"}],"version-history":[{"count":15,"href":"https:\/\/fius.de\/index.php\/wp-json\/wp\/v2\/pages\/56\/revisions"}],"predecessor-version":[{"id":3120,"href":"https:\/\/fius.de\/index.php\/wp-json\/wp\/v2\/pages\/56\/revisions\/3120"}],"up":[{"embeddable":true,"href":"https:\/\/fius.de\/index.php\/wp-json\/wp\/v2\/pages\/30"}],"wp:attachment":[{"href":"https:\/\/fius.de\/index.php\/wp-json\/wp\/v2\/media?parent=56"}],"curies":[{"name":"wp","href":"https:\/\/api.w.org\/{rel}","templated":true}]}}