{"id":53,"date":"2019-05-04T14:34:44","date_gmt":"2019-05-04T14:34:44","guid":{"rendered":"https:\/\/fius.de\/test2\/?page_id=53"},"modified":"2026-03-11T22:45:23","modified_gmt":"2026-03-11T21:45:23","slug":"kontaktmesse","status":"publish","type":"page","link":"https:\/\/fius.de\/index.php\/firmen\/kontaktmesse\/","title":{"rendered":"Kontaktmesse"},"content":{"rendered":"\n<p>Das <a rel=\"noreferrer noopener\" href=\"http:\/\/www.informatik-forum.org\" target=\"_blank\">Informatik-Forum Stuttgart<\/a>  veranstaltet jedes Semester (also zweimal im Jahr) eine  Firmenkontaktmesse. Die dort vertretenen Unternehmen k\u00f6nnen in direkten  Kontakt mit unseren Studierenden treten, ihre Firma bekannt machen und Studierende f\u00fcr Jobs, Projekte oder Abschlussarbeiten gewinnen.<\/p>\n\n\n\n<p>N\u00e4chste Kontaktmesse: 29.04.2025. Eine Liste der Aussteller befindet sich <a href=\"https:\/\/www.informatik-forum.org\/kontaktmesse\/55-kontaktmesse\" data-type=\"URL\" data-id=\"https:\/\/www.informatik-forum.org\/kontaktmesse\/52-kontaktmesse\" target=\"_blank\" rel=\"noreferrer noopener\">hier<\/a>.<\/p>\n\n\n\n<p>Dieses Jahr findet die Kontaktmesse im Informatikgeb\u00e4ude auf dem Campus Stuttgart-Vaihingen statt.<\/p>\n\n\n\n<p><\/p>\n","protected":false},"excerpt":{"rendered":"<p>Das Informatik-Forum Stuttgart veranstaltet jedes Semester (also zweimal im Jahr) eine Firmenkontaktmesse. Die dort vertretenen Unternehmen k\u00f6nnen in direkten Kontakt mit unseren Studierenden treten, ihre Firma bekannt machen und Studierende f\u00fcr Jobs, Projekte oder Abschlussarbeiten gewinnen. N\u00e4chste Kontaktmesse: 29.04.2025. Eine Liste der Aussteller befindet sich hier. Dieses Jahr findet die Kontaktmesse im Informatikgeb\u00e4ude auf dem [&hellip;]<\/p>\n","protected":false},"author":3,"featured_media":0,"parent":48,"menu_order":0,"comment_status":"closed","ping_status":"closed","template":"","meta":{"footnotes":""},"class_list":["post-53","page","type-page","status-publish","hentry","wpbf-post"],"_links":{"self":[{"href":"https:\/\/fius.de\/index.php\/wp-json\/wp\/v2\/pages\/53","targetHints":{"allow":["GET"]}}],"collection":[{"href":"https:\/\/fius.de\/index.php\/wp-json\/wp\/v2\/pages"}],"about":[{"href":"https:\/\/fius.de\/index.php\/wp-json\/wp\/v2\/types\/page"}],"author":[{"embeddable":true,"href":"https:\/\/fius.de\/index.php\/wp-json\/wp\/v2\/users\/3"}],"replies":[{"embeddable":true,"href":"https:\/\/fius.de\/index.php\/wp-json\/wp\/v2\/comments?post=53"}],"version-history":[{"count":19,"href":"https:\/\/fius.de\/index.php\/wp-json\/wp\/v2\/pages\/53\/revisions"}],"predecessor-version":[{"id":3711,"href":"https:\/\/fius.de\/index.php\/wp-json\/wp\/v2\/pages\/53\/revisions\/3711"}],"up":[{"embeddable":true,"href":"https:\/\/fius.de\/index.php\/wp-json\/wp\/v2\/pages\/48"}],"wp:attachment":[{"href":"https:\/\/fius.de\/index.php\/wp-json\/wp\/v2\/media?parent=53"}],"curies":[{"name":"wp","href":"https:\/\/api.w.org\/{rel}","templated":true}]}}