{"id":50,"date":"2019-05-04T14:34:07","date_gmt":"2019-05-04T14:34:07","guid":{"rendered":"https:\/\/fius.de\/test2\/?page_id=50"},"modified":"2026-03-17T16:32:10","modified_gmt":"2026-03-17T15:32:10","slug":"stellenanzeigen-2","status":"publish","type":"page","link":"https:\/\/fius.de\/index.php\/studierende\/stellenanzeigen-2\/","title":{"rendered":"Stellenanzeigen"},"content":{"rendered":"\n<h2 class=\"wp-block-heading\">Digitaler Aushang<\/h2>\n\n\n\n<p>Wir kriegen regelm\u00e4\u00dfig digitale Stellenausschreibungen von Firmen. Diese k\u00f6nnen <a href=\"https:\/\/aushang.fius.de\">hier<\/a> eingesehen werden.<\/p>\n\n\n\n<h2 class=\"wp-block-heading\">Schwarzes Brett<\/h2>\n\n\n\n<p>Oft bekommen wir auch Stellenausschreibungen in Papierform. Diese h\u00e4ngen im V38 direkt links beim Nordeingang.<br>Schaut auf dem Weg zu unserem gro\u00dfen Lernraum doch einfach mal vorbei! \ud83d\ude09<\/p>\n\n\n\n<h2 class=\"wp-block-heading\">Jobb\u00f6rse des Informatikforums Stuttgart<\/h2>\n\n\n\n<p>Das Informatikforum Stuttgart bietet neben ihrer Kontaktmesse eine Jobb\u00f6rse an. <a rel=\"noreferrer noopener\" href=\"https:\/\/www.informatik-forum.org\/job-boerse?filter[type]=&amp;filter[employer]=\" target=\"_blank\">Hier<\/a> kommt ihr zum Forum.<\/p>\n","protected":false},"excerpt":{"rendered":"<p>Digitaler Aushang Wir kriegen regelm\u00e4\u00dfig digitale Stellenausschreibungen von Firmen. Diese k\u00f6nnen hier eingesehen werden. Schwarzes Brett Oft bekommen wir auch Stellenausschreibungen in Papierform. Diese h\u00e4ngen im V38 direkt links beim Nordeingang.Schaut auf dem Weg zu unserem gro\u00dfen Lernraum doch einfach mal vorbei! \ud83d\ude09 Jobb\u00f6rse des Informatikforums Stuttgart Das Informatikforum Stuttgart bietet neben ihrer Kontaktmesse eine [&hellip;]<\/p>\n","protected":false},"author":3,"featured_media":0,"parent":30,"menu_order":0,"comment_status":"closed","ping_status":"closed","template":"","meta":{"footnotes":""},"class_list":["post-50","page","type-page","status-publish","hentry","wpbf-post"],"_links":{"self":[{"href":"https:\/\/fius.de\/index.php\/wp-json\/wp\/v2\/pages\/50","targetHints":{"allow":["GET"]}}],"collection":[{"href":"https:\/\/fius.de\/index.php\/wp-json\/wp\/v2\/pages"}],"about":[{"href":"https:\/\/fius.de\/index.php\/wp-json\/wp\/v2\/types\/page"}],"author":[{"embeddable":true,"href":"https:\/\/fius.de\/index.php\/wp-json\/wp\/v2\/users\/3"}],"replies":[{"embeddable":true,"href":"https:\/\/fius.de\/index.php\/wp-json\/wp\/v2\/comments?post=50"}],"version-history":[{"count":15,"href":"https:\/\/fius.de\/index.php\/wp-json\/wp\/v2\/pages\/50\/revisions"}],"predecessor-version":[{"id":3712,"href":"https:\/\/fius.de\/index.php\/wp-json\/wp\/v2\/pages\/50\/revisions\/3712"}],"up":[{"embeddable":true,"href":"https:\/\/fius.de\/index.php\/wp-json\/wp\/v2\/pages\/30"}],"wp:attachment":[{"href":"https:\/\/fius.de\/index.php\/wp-json\/wp\/v2\/media?parent=50"}],"curies":[{"name":"wp","href":"https:\/\/api.w.org\/{rel}","templated":true}]}}