{"id":40,"date":"2019-05-04T14:32:12","date_gmt":"2019-05-04T14:32:12","guid":{"rendered":"https:\/\/fius.de\/test2\/?page_id=40"},"modified":"2021-02-06T23:43:37","modified_gmt":"2021-02-06T22:43:37","slug":"unsere-arbeitskreise","status":"publish","type":"page","link":"https:\/\/fius.de\/index.php\/fius\/unsere-arbeitskreise\/","title":{"rendered":"Unsere Arbeitskreise"},"content":{"rendered":"\n<h2 class=\"wp-block-heading\">Beteilige Dich!<\/h2>\n\n\n\n<p>Getreu dem Motto \u201eWenn ich nicht mehr weiter wei\u00df, dann gr\u00fcnd\u2018 ich einen Arbeitskreis\u201c, haben auch wir ein paar Arbeitskreise ins Leben gerufen. Oder auch sachlich formuliert \u2013 niemand kann sich um alles k\u00fcmmern und in zu gro\u00dfer Runde kann man kaum produktiv arbeiten. Daher passiert vieles bei uns in Untergruppen. Im folgenden eine \u00dcbersicht \u00fcber unsere Arbeitskreise und deren Aufgaben.<\/p>\n\n\n\n<h2 class=\"wp-block-heading\">AK Aushang<\/h2>\n\n\n\n<p>Der AK Aushang ist f\u00fcr das Aush\u00e4ngen der Stellenausschreibungen verantwortlich.<\/p>\n\n\n\n<p>(@fius.de): aushang<\/p>\n\n\n\n<h2 class=\"wp-block-heading\">AK&nbsp;OE (auch AK Ersti oder Erstsemestereinf\u00fchrung)<\/h2>\n\n\n\n<p>Der AK OE k\u00fcmmert sich um alle EInf\u00fchrungsveranstaltungen zum Semesterbeginn, speziell mit dem Sinn Studierende zu vernetzen und ihnen Basiswissen mit auf den Weg zu geben<\/p>\n\n\n\n<p>(@fius.de): ak-oe<\/p>\n\n\n\n<h2 class=\"wp-block-heading\">AK Java-Vorkurs<\/h2>\n\n\n\n<p>Jeder Anfang ist schwer \u2013 so auch die Programmieranf\u00e4nge. Jedes Jahr  organisiert der AK Java-Vorkurs deshalb einen Vorkurs, um neuen  Erstsemestern den Einstieg zu erleichtern. <a href=\"https:\/\/fius.de\/index.php\/studien-interessierte\/java-vorkurs\/\" data-type=\"page\" data-id=\"37\">Informationen zum Javavorkurs<\/a><\/p>\n\n\n\n<p>(@fius.de): ak-jv<\/p>\n\n\n\n<h2 class=\"wp-block-heading\">AK Theo-Vorkurs<\/h2>\n\n\n\n<p>Die F\u00e4cher der Theoretischen Informatik geh\u00f6ren mit zu den schwersten  F\u00e4chern in unserem Fachbereich. Deshalb organisiert der AK Theo-Vorkurs  jedes Jahr einen Vorkurs, um neuen Erstsemestern den Einstieg zu erleichtern. <a href=\"https:\/\/fius.de\/index.php\/studien-interessierte\/vorkurs-theoretische-informatik\/\" data-type=\"page\" data-id=\"47\">Informationen zum Theovorkurs<\/a><\/p>\n\n\n\n<p>(@fius.de): ak-theo<\/p>\n\n\n\n<h2 class=\"wp-block-heading\">AK&nbsp;3D<\/h2>\n\n\n\n<p>Der AK 3D k\u00fcmmert sich um die Wartung und Aufr\u00fcstung unseres 3D-Druckers als auch um das erstellen von 3D-Drucks, welche uns von Studierenden zugesendet werden.<\/p>\n\n\n\n<p>(@fius.de):ak-3d<\/p>\n\n\n\n<h2 class=\"wp-block-heading\">AK&nbsp;Bib<\/h2>\n\n\n\n<p>Der AK Bib k\u00fcmmert sich um das <a href=\"https:\/\/fius.de\/index.php\/studierende\/verleih\/\" data-type=\"page\" data-id=\"14\">Bereitstellen von alten Pr\u00fcfungen<\/a>, die ihr in der Fachgruppe ausleihen k\u00f6nnt.<\/p>\n\n\n\n<p>(@fius.de): ak-skripte<\/p>\n\n\n\n<h2 class=\"wp-block-heading\">AK Spiele<\/h2>\n\n\n\n<p>In regelm\u00e4\u00dfigen Abst\u00e4nden veranstaltet der AK Spiele einen  Spieleabend. Wenn wir spielen findet ihr eine Ank\u00fcndigung in den News und bekommt eine E-Mail \u2013  kommt vorbei! \ud83d\ude42<\/p>\n\n\n\n<p>(@fius.de): ak-spiele<\/p>\n\n\n\n<h2 class=\"wp-block-heading\">AK WWW<\/h2>\n\n\n\n<p>Der AK WWW betreut die Fachschaftswebsite (diese ;)).<\/p>\n\n\n\n<p>(@informatik.uni-stuttgart.de): fius<\/p>\n\n\n\n<h2 class=\"wp-block-heading\">AK Show<\/h2>\n\n\n\n<p>Was w\u00e4re eine Absolventenfeier ohne das lustige Fachschaftsprogramm? Genau dieses stellt allj\u00e4hrlich der AK Show auf die Beine.<\/p>\n\n\n\n<p>(@fius.de): ak-show<\/p>\n","protected":false},"excerpt":{"rendered":"<p>Beteilige Dich! Getreu dem Motto \u201eWenn ich nicht mehr weiter wei\u00df, dann gr\u00fcnd\u2018 ich einen Arbeitskreis\u201c, haben auch wir ein paar Arbeitskreise ins Leben gerufen. Oder auch sachlich formuliert \u2013 niemand kann sich um alles k\u00fcmmern und in zu gro\u00dfer Runde kann man kaum produktiv arbeiten. Daher passiert vieles bei uns in Untergruppen. Im folgenden [&hellip;]<\/p>\n","protected":false},"author":3,"featured_media":0,"parent":32,"menu_order":0,"comment_status":"closed","ping_status":"closed","template":"","meta":{"footnotes":""},"class_list":["post-40","page","type-page","status-publish","hentry","wpbf-post"],"_links":{"self":[{"href":"https:\/\/fius.de\/index.php\/wp-json\/wp\/v2\/pages\/40","targetHints":{"allow":["GET"]}}],"collection":[{"href":"https:\/\/fius.de\/index.php\/wp-json\/wp\/v2\/pages"}],"about":[{"href":"https:\/\/fius.de\/index.php\/wp-json\/wp\/v2\/types\/page"}],"author":[{"embeddable":true,"href":"https:\/\/fius.de\/index.php\/wp-json\/wp\/v2\/users\/3"}],"replies":[{"embeddable":true,"href":"https:\/\/fius.de\/index.php\/wp-json\/wp\/v2\/comments?post=40"}],"version-history":[{"count":8,"href":"https:\/\/fius.de\/index.php\/wp-json\/wp\/v2\/pages\/40\/revisions"}],"predecessor-version":[{"id":1497,"href":"https:\/\/fius.de\/index.php\/wp-json\/wp\/v2\/pages\/40\/revisions\/1497"}],"up":[{"embeddable":true,"href":"https:\/\/fius.de\/index.php\/wp-json\/wp\/v2\/pages\/32"}],"wp:attachment":[{"href":"https:\/\/fius.de\/index.php\/wp-json\/wp\/v2\/media?parent=40"}],"curies":[{"name":"wp","href":"https:\/\/api.w.org\/{rel}","templated":true}]}}