{"id":36,"date":"2019-05-04T14:31:48","date_gmt":"2019-05-04T14:31:48","guid":{"rendered":"https:\/\/fius.de\/test2\/?page_id=36"},"modified":"2020-10-24T18:52:21","modified_gmt":"2020-10-24T16:52:21","slug":"ueber-uns","status":"publish","type":"page","link":"https:\/\/fius.de\/index.php\/fius\/ueber-uns\/","title":{"rendered":"\u00dcber Uns &#8211; Lerne uns kennen!"},"content":{"rendered":"\n<h2 class=\"wp-block-heading\">Wer sind wir?<\/h2>\n\n\n\n<p>Wir sind Studierende verschiedener Informatik-Studieng\u00e4nge, die versuchen das Leben (oder sagen wir besser Studium) unserer Kommilitonen und Kommilitoninnen so angenehm wie m\u00f6glich zu machen und das Studium zu erleichtern. Unter anderem organisieren wir die <a href=\"https:\/\/fius.de\/index.php\/studien-interessierte\/erstsemester-master-einfuehrung\/\" data-type=\"page\" data-id=\"15\">Erstsemestereinf\u00fchrung<\/a> und vertreten die Studierenden in <a href=\"https:\/\/fius.de\/index.php\/studierende\/vertretung-in-gremien\/\" data-type=\"page\" data-id=\"23\">Gremien<\/a> bei uns an der Uni.  Bei der Fachgruppe erf\u00e4hrt man nicht nur einiges mehr \u00fcbers eigene Studium,  die Uni und ihre Organisation; das ganze macht auch noch viel Spa\u00df!<br>Au\u00dferdem bieten wir Studienberatung aus studentischer Sicht an und  versuchen allen, die uns in unserem kleinen Zimmer besuchen kommen, mit  bestem Wissen und Gewissen zu helfen.<\/p>\n\n\n\n<h2 class=\"wp-block-heading\">Mitmachen?<\/h2>\n\n\n\n<p>Wir verstehen uns als offene Gruppe, d.h. wenn du Interesse an der  Fachgruppe hast, kannst du ganz einfach mitmachen. Der beste Weg ist, zu  einer der Sitzungen zu kommen, oder dich mit auf eins unserer  gem\u00fctlichen Sofas zu setzen (davon gibt\u2019s im Haus nicht viele!) und  nebenher eingearbeitet zu werden. Wir freuen uns immer \u00fcber neue  Mitglieder*innen!<br> Wenn du dich f\u00fcr Mitarbeit in einem speziellen <a href=\"https:\/\/fius.de\/index.php\/fius-mitglieder\/unsere-arbeitskreise\/\" data-type=\"page\" data-id=\"40\">Arbeitskreis<\/a> interessierst, melde dich einfach direkt beim entsprechenden AK oder frag im Fachgruppenraum danach \ud83d\ude42<\/p>\n\n\n\n<h2 class=\"wp-block-heading\">Sitzung?<\/h2>\n\n\n\n<p>Einmal w\u00f6chentlich treffen wir uns zur Fachgruppensitzung. Dabei  planen wir Aktionen und diskutieren \u00fcber die neusten Entwicklungen an  der Fakult\u00e4t und an der Uni. Die Sitzung findet in der Vorlesungszeit  dienstags um 13:05 Uhr in Raum 0.108 statt.<\/p>\n\n\n\n<p>In der vorlesungsfreien Zeit k\u00f6nnen die Sitzungstermine abweichen. Bei Interesse einfach eine kurze Mail an uns schicken oder einen von uns fragen \ud83d\ude04<\/p>\n\n\n\n<h2 class=\"wp-block-heading\">Leben au\u00dferhalb der Universit\u00e4t<\/h2>\n\n\n\n<p>Neben unserer Arbeit in der Fachgruppe und dem gemeinsamen Lernen machen wir auch einige spa\u00dfige Aktivit\u00e4ten zusammen. Auch dabei k\u00f6nnt ihr  einfach mitmachen:<\/p>\n\n\n\n<ul class=\"wp-block-list\"><li><strong> Fachgruppenwochenenden<\/strong> \u2013 Mehrmals pro Jahr fahren wir gemeinsam in eine H\u00fctte und verbringen dort bei Karaokeabenden und Nachtspazierg\u00e4ngen das Wochenende zusammen.<\/li><li><strong>Spiele<\/strong> \u2013 Neben einem gro\u00dfes Kontigent an Brett-, Karten- und vielen anderen Geselleschaftsspielen haben wir seit neuestem auch VR-Brillen, welche wir gerne selber f\u00fcr gemeinsame Zeit verwenden, oder auch an Studierende kostenlos ausleihen. Nat\u00fcrlich d\u00fcrfen bei uns auch die klassischen Lan-Parties ab und zu nicht fehlen \ud83d\ude09<\/li><li><strong>Grillen<\/strong> \u2013 Vermehrt ihm  Sommer packen wir unseren Grill aus und verbringen die Abende zusammen. Dabei w\u00e4chst unser vegetarisches und veganes Angebot seit den letzten Jahren auch stetig, womit wir f\u00fcr alle etwas da haben \ud83d\ude42<\/li><li><strong>3D-Drucker<\/strong> &#8211; Wir haben einen 3D-Drucker, auf dem alle Studierenden Modelle ausdrucken lassen k\u00f6nnen. Daf\u00fcr einfach zu uns in unseren Raum kommen und nachfragen.<\/li><li><strong>Kneipentouren<\/strong> \u2013 Manche  kennen sie vielleicht noch von der Erstsemestereinf\u00fchrung: die  Kneipentour. In unregelm\u00e4\u00dfigen Abst\u00e4nden gibt es  auch bei uns solche speziellen Gastronomieverk\u00f6stigungsspazierg\u00e4nge.<\/li><li><strong>Tichu<\/strong> \u2013 Quasi das  FS-Spiel. Auch wenn ihr nicht wisst, was es  ist: kommt in die FS und ruft \u201e4\u201c &#8211; Und schon wird es euch jemand erkl\u00e4ren \ud83d\ude42<\/li><\/ul>\n","protected":false},"excerpt":{"rendered":"<p>Wer sind wir? Wir sind Studierende verschiedener Informatik-Studieng\u00e4nge, die versuchen das Leben (oder sagen wir besser Studium) unserer Kommilitonen und Kommilitoninnen so angenehm wie m\u00f6glich zu machen und das Studium zu erleichtern. Unter anderem organisieren wir die Erstsemestereinf\u00fchrung und vertreten die Studierenden in Gremien bei uns an der Uni. Bei der Fachgruppe erf\u00e4hrt man nicht [&hellip;]<\/p>\n","protected":false},"author":3,"featured_media":0,"parent":32,"menu_order":0,"comment_status":"closed","ping_status":"closed","template":"","meta":{"footnotes":""},"class_list":["post-36","page","type-page","status-publish","hentry","wpbf-post"],"_links":{"self":[{"href":"https:\/\/fius.de\/index.php\/wp-json\/wp\/v2\/pages\/36","targetHints":{"allow":["GET"]}}],"collection":[{"href":"https:\/\/fius.de\/index.php\/wp-json\/wp\/v2\/pages"}],"about":[{"href":"https:\/\/fius.de\/index.php\/wp-json\/wp\/v2\/types\/page"}],"author":[{"embeddable":true,"href":"https:\/\/fius.de\/index.php\/wp-json\/wp\/v2\/users\/3"}],"replies":[{"embeddable":true,"href":"https:\/\/fius.de\/index.php\/wp-json\/wp\/v2\/comments?post=36"}],"version-history":[{"count":13,"href":"https:\/\/fius.de\/index.php\/wp-json\/wp\/v2\/pages\/36\/revisions"}],"predecessor-version":[{"id":1532,"href":"https:\/\/fius.de\/index.php\/wp-json\/wp\/v2\/pages\/36\/revisions\/1532"}],"up":[{"embeddable":true,"href":"https:\/\/fius.de\/index.php\/wp-json\/wp\/v2\/pages\/32"}],"wp:attachment":[{"href":"https:\/\/fius.de\/index.php\/wp-json\/wp\/v2\/media?parent=36"}],"curies":[{"name":"wp","href":"https:\/\/api.w.org\/{rel}","templated":true}]}}