{"id":3496,"date":"2025-09-17T21:26:30","date_gmt":"2025-09-17T19:26:30","guid":{"rendered":"https:\/\/fius.de\/?page_id=3496"},"modified":"2025-10-13T12:08:13","modified_gmt":"2025-10-13T10:08:13","slug":"pse-vk-folien","status":"publish","type":"page","link":"https:\/\/fius.de\/index.php\/pse-vk-folien\/","title":{"rendered":"PSE-VK Folien"},"content":{"rendered":"<blockquote style=\"border-left: 4px solid #ccc; margin: 1rem 0; padding: 0.5rem 1rem; background: #f5f5f5; align-items: center;\">\n<p style=\"text-align: center;\">Die Pr\u00e4sentationen, \u00dcbungsbl\u00e4tter und Code Vorlagen werden, am Tag der Vorlesung<br \/>hochgeladen<\/p>\n<\/blockquote>\n<div style=\"display: flex; justify-content: center; flex-wrap: wrap; gap: 2rem; margin-top: 4rem;\">\n<div style=\"position: relative; flex: 1 1 300px; min-width: 200px; max-width: 200px; background: #fff; border-radius: 8px; box-shadow: 0 2px 8px rgba(0, 0, 0, 0.05); padding: 1.5rem; display: flex; flex-direction: column; align-items: center;\">\n<h2 style=\"margin-top: 2rem; color: #222;\">Tag 01<\/h2>\n<div style=\"position: absolute; top: 8rem; z-index: 10; font-size: 3rem;\">\u00a0<\/div>\n<div style=\"display: flex; flex-direction: column; align-items: center;\"><a style=\"font-size: 1.2rem; color: #222; text-decoration: none; margin-bottom: 0.5rem;\" href=\"https:\/\/fius.de\/wp-content\/uploads\/2025\/10\/Day1-slides.pdf\" target=\"https:\/\/fius.de\/wp-content\/uploads\/2025\/10\/Day1-slides.pdf\" rel=\"https:\/\/fius.de\/wp-content\/uploads\/2025\/10\/Day1-slides.pdf\">Vorlesungsfolien<\/a> <a style=\"display: inline-block; padding: 0.5rem 1rem; background: #0073aa; color: #fff; border: none; border-radius: 4px; text-decoration: none; font-size: 1rem; margin-bottom: 1rem; cursor: pointer;\" href=\"https:\/\/fius.de\/wp-content\/uploads\/2025\/10\/Day1-slides.pdf\" download=\"https:\/\/fius.de\/wp-content\/uploads\/2025\/10\/Day1-slides.pdf\">Herunterladen<\/a> <a style=\"font-size: 1.2rem; color: #222; text-decoration: none; margin-bottom: 0.5rem;\" href=\"https:\/\/fius.de\/wp-content\/uploads\/2025\/10\/Day1-sheet.pdf\" target=\"_blank\" rel=\"noopener\">Aufgabenblatt<\/a> <a style=\"display: inline-block; padding: 0.5rem 1rem; background: #0073aa; color: #fff; border: none; border-radius: 4px; text-decoration: none; font-size: 1rem; margin-bottom: 1rem; cursor: pointer;\" href=\"https:\/\/fius.de\/wp-content\/uploads\/2025\/10\/Day1-sheet.pdf\" download=\"\">Herunterladen<\/a> <a style=\"font-size: 1.2rem; color: #222; text-decoration: none; margin-bottom: 0.5rem;\" href=\"https:\/\/fius.de\/wp-content\/uploads\/2025\/10\/einrichtung.pdf\" target=\"_blank\" rel=\"noopener\">Einrichtung<\/a><a style=\"display: inline-block; padding: 0.5rem 1rem; background: #0073aa; color: #fff; border: none; border-radius: 4px; text-decoration: none; font-size: 1rem; margin-bottom: 1rem; cursor: pointer;\" href=\"https:\/\/fius.de\/wp-content\/uploads\/2025\/10\/einrichtung.pdf\" download=\"\">Herunterladen<\/a><\/div>\n<\/div>\n<div style=\"position: relative; flex: 1 1 300px; min-width: 200px; max-width: 200px; background: #fff; border-radius: 8px; box-shadow: 0 2px 8px rgba(0, 0, 0, 0.05); padding: 1.5rem; display: flex; flex-direction: column; align-items: center;\">\n<h2 style=\"margin-top: 2rem; color: #222;\">Tag 02<\/h2>\n<div style=\"position: absolute; top: 8rem; z-index: 10; font-size: 3rem;\">\u00a0<\/div>\n<div style=\"display: flex; flex-direction: column; align-items: center;\">\n<a style=\"font-size: 1.2rem; color: #222; text-decoration: none; margin-bottom: 0.5rem;\" href=\"https:\/\/fius.de\/wp-content\/uploads\/2025\/10\/Day2-slides.pdf\" target=\"_blank\" rel=\"noopener\">Vorlesungsfolien<\/a><br \/><a style=\"display: inline-block; padding: 0.5rem 1rem; background: #0073aa; color: #fff; border: none; border-radius: 4px; text-decoration: none; font-size: 1rem; margin-bottom: 1rem; cursor: pointer;\" href=\"https:\/\/fius.de\/wp-content\/uploads\/2025\/10\/Day2-slides.pdf\" download=\"\">Herunterladen<\/a><br \/><a style=\"font-size: 1.2rem; color: #222; text-decoration: none; margin-bottom: 0.5rem;\" href=\"https:\/\/fius.de\/wp-content\/uploads\/2025\/10\/Day2-sheet.pdf\" target=\"_blank\" rel=\"noopener\">Aufgabenblatt<\/a><br \/><a style=\"display: inline-block; padding: 0.5rem 1rem; background: #0073aa; color: #fff; border: none; border-radius: 4px; text-decoration: none; font-size: 1rem; margin-bottom: 1rem; cursor: pointer;\" href=\"https:\/\/fius.de\/wp-content\/uploads\/2025\/10\/Day2-sheet.pdf\" download=\"\">Herunterladen<\/a>\n<\/div>\n<\/div>\n<div style=\"position: relative; flex: 1 1 300px; min-width: 200px; max-width: 200px; background: #fff; border-radius: 8px; box-shadow: 0 2px 8px rgba(0, 0, 0, 0.05); padding: 1.5rem; display: flex; flex-direction: column; align-items: center;\">\n<h2 style=\"margin-top: 2rem; color: #222;\">Tag 03<\/h2>\n<div style=\"position: absolute; top: 8rem; z-index: 10; font-size: 3rem;\">\u00a0<\/div>\n<div style=\"display: flex; flex-direction: column; align-items: center;\"><a style=\"font-size: 1.2rem; color: #222; text-decoration: none; margin-bottom: 0.5rem;\" href=\"https:\/\/fius.de\/wp-content\/uploads\/2025\/10\/Day3-slides.pdf\" target=\"_blank\" rel=\"noopener\">Vorlesungsfolien<\/a><br \/><a style=\"display: inline-block; padding: 0.5rem 1rem; background: #0073aa; color: #fff; border: none; border-radius: 4px; text-decoration: none; font-size: 1rem; margin-bottom: 1rem; cursor: pointer;\" href=\"https:\/\/fius.de\/wp-content\/uploads\/2025\/10\/Day3-slides.pdf\" download=\"https:\/\/fius.de\/wp-content\/uploads\/2025\/10\/Day3-slides.pdf\">Herunterladen<\/a><br \/><a style=\"font-size: 1.2rem; color: #222; text-decoration: none; margin-bottom: 0.5rem;\" href=\"https:\/\/fius.de\/wp-content\/uploads\/2025\/10\/Day3-sheet.pdf\" target=\"https:\/\/fius.de\/wp-content\/uploads\/2025\/10\/Day3-sheet.pdf\" rel=\"noopener\">Aufgabenblatt<\/a><br \/><a style=\"display: inline-block; padding: 0.5rem 1rem; background: #0073aa; color: #fff; border: none; border-radius: 4px; text-decoration: none; font-size: 1rem; margin-bottom: 1rem; cursor: pointer;\" href=\"https:\/\/fius.de\/wp-content\/uploads\/2025\/10\/Day3-sheet.pdf\" download=\"https:\/\/fius.de\/wp-content\/uploads\/2025\/10\/Day3-sheet.pdf\">Herunterladen<\/a>\n<\/div>\n<\/div>\n<div style=\"position: relative; flex: 1 1 300px; min-width: 200px; max-width: 200px; background: #fff; border-radius: 8px; box-shadow: 0 2px 8px rgba(0, 0, 0, 0.05); padding: 1.5rem; display: flex; flex-direction: column; align-items: center;\">\n<h2 style=\"margin-top: 2rem; color: #222;\">Tag 04<\/h2>\n<div style=\"position: absolute; top: 8rem; z-index: 10; font-size: 3rem;\">\u00a0<\/div>\n<div style=\"display: flex; flex-direction: column; align-items: center;\"><a style=\"font-size: 1.2rem; color: #222; text-decoration: none; margin-bottom: 0.5rem;\" href=\"https:\/\/fius.de\/wp-content\/uploads\/2025\/10\/Day4-slides.pdf\" target=\"_blank\" rel=\"noopener\">Vorlesungsfolien<\/a><br \/><a style=\"display: inline-block; padding: 0.5rem 1rem; background: #0073aa; color: #fff; border: none; border-radius: 4px; text-decoration: none; font-size: 1rem; margin-bottom: 1rem; cursor: pointer;\" href=\"https:\/\/fius.de\/wp-content\/uploads\/2025\/10\/Day4-slides.pdf\" download=\"\">Herunterladen<\/a><br \/><a style=\"font-size: 1.2rem; color: #222; text-decoration: none; margin-bottom: 0.5rem;\" href=\"https:\/\/fius.de\/wp-content\/uploads\/2025\/10\/Day4-sheet.pdf\" target=\"_blank\" rel=\"noopener\">Aufgabenblatt<\/a><br \/><a style=\"display: inline-block; padding: 0.5rem 1rem; background: #0073aa; color: #fff; border: none; border-radius: 4px; text-decoration: none; font-size: 1rem; margin-bottom: 1rem; cursor: pointer;\" href=\"https:\/\/fius.de\/wp-content\/uploads\/2025\/10\/Day4-sheet.pdf\" download=\"\">Herunterladen<\/a>\n<\/div>\n<\/div>\n<div style=\"position: relative; flex: 1 1 300px; min-width: 200px; max-width: 200px; background: #fff; border-radius: 8px; box-shadow: 0 2px 8px rgba(0, 0, 0, 0.05); padding: 1.5rem; display: flex; flex-direction: column; align-items: center;\">\n<h2 style=\"margin-top: 2rem; color: #222;\">Tag 05<\/h2>\n<div style=\"position: absolute; top: 8rem; z-index: 10; font-size: 3rem;\">\u00a0<\/div>\n<div style=\"display: flex; flex-direction: column; align-items: center;\"><a style=\"font-size: 1.2rem; color: #222; text-decoration: none; margin-bottom: 0.5rem;\" href=\"https:\/\/fius.de\/wp-content\/uploads\/2025\/10\/Day5-slides.pdf\" target=\"_blank\" rel=\"noopener\">Vorlesungsfolien<\/a><br \/><a style=\"display: inline-block; padding: 0.5rem 1rem; background: #0073aa; color: #fff; border: none; border-radius: 4px; text-decoration: none; font-size: 1rem; margin-bottom: 1rem; cursor: pointer;\" href=\"https:\/\/fius.de\/wp-content\/uploads\/2025\/10\/Day5-slides.pdf\" download=\"\">Herunterladen<\/a><a style=\"font-size: 1.2rem; color: #222; text-decoration: none; margin-bottom: 0.5rem;\" href=\"https:\/\/fius.de\/wp-content\/uploads\/2025\/10\/Day5-sheet.pdf\" target=\"_blank\" rel=\"noopener\">Aufgabenblatt<\/a><br \/><a style=\"display: inline-block; padding: 0.5rem 1rem; background: #0073aa; color: #fff; border: none; border-radius: 4px; text-decoration: none; font-size: 1rem; margin-bottom: 1rem; cursor: pointer;\" href=\"https:\/\/fius.de\/wp-content\/uploads\/2025\/10\/Day5-sheet.pdf\" download=\"\">Herunterladen<\/a><a style=\"font-size: 1.2rem; color: #222; text-decoration: none; margin-bottom: 0.5rem;\" href=\"https:\/\/fius.de\/wp-content\/uploads\/2025\/10\/Day5Musterloesung.zip\" target=\"_blank\" rel=\"noopener\">Musterl\u00f6sungen<\/a><a style=\"display: inline-block; padding: 0.5rem 1rem; background: #0073aa; color: #fff; border: none; border-radius: 4px; text-decoration: none; font-size: 1rem; margin-bottom: 1rem; cursor: pointer;\" href=\"https:\/\/fius.de\/wp-content\/uploads\/2025\/10\/Day5Musterloesung.zip\" download=\"\">Herunterladen<\/a>\n<\/div>\n<\/div>\n<\/div>\n\n\n<p><\/p>\n","protected":false},"excerpt":{"rendered":"<p>Die Pr\u00e4sentationen, \u00dcbungsbl\u00e4tter und Code Vorlagen werden, am Tag der Vorlesunghochgeladen Tag 01 \u00a0 Vorlesungsfolien Herunterladen Aufgabenblatt Herunterladen EinrichtungHerunterladen Tag 02 \u00a0 VorlesungsfolienHerunterladenAufgabenblattHerunterladen Tag 03 \u00a0 VorlesungsfolienHerunterladenAufgabenblattHerunterladen Tag 04 \u00a0 VorlesungsfolienHerunterladenAufgabenblattHerunterladen Tag 05 \u00a0 VorlesungsfolienHerunterladenAufgabenblattHerunterladenMusterl\u00f6sungenHerunterladen<\/p>\n","protected":false},"author":21,"featured_media":0,"parent":0,"menu_order":0,"comment_status":"closed","ping_status":"closed","template":"","meta":{"footnotes":""},"class_list":["post-3496","page","type-page","status-publish","hentry","wpbf-post"],"_links":{"self":[{"href":"https:\/\/fius.de\/index.php\/wp-json\/wp\/v2\/pages\/3496","targetHints":{"allow":["GET"]}}],"collection":[{"href":"https:\/\/fius.de\/index.php\/wp-json\/wp\/v2\/pages"}],"about":[{"href":"https:\/\/fius.de\/index.php\/wp-json\/wp\/v2\/types\/page"}],"author":[{"embeddable":true,"href":"https:\/\/fius.de\/index.php\/wp-json\/wp\/v2\/users\/21"}],"replies":[{"embeddable":true,"href":"https:\/\/fius.de\/index.php\/wp-json\/wp\/v2\/comments?post=3496"}],"version-history":[{"count":30,"href":"https:\/\/fius.de\/index.php\/wp-json\/wp\/v2\/pages\/3496\/revisions"}],"predecessor-version":[{"id":3678,"href":"https:\/\/fius.de\/index.php\/wp-json\/wp\/v2\/pages\/3496\/revisions\/3678"}],"wp:attachment":[{"href":"https:\/\/fius.de\/index.php\/wp-json\/wp\/v2\/media?parent=3496"}],"curies":[{"name":"wp","href":"https:\/\/api.w.org\/{rel}","templated":true}]}}