{"id":25,"date":"2019-05-04T14:27:12","date_gmt":"2019-05-04T14:27:12","guid":{"rendered":"https:\/\/fius.de\/test2\/?page_id=25"},"modified":"2026-04-04T15:10:55","modified_gmt":"2026-04-04T13:10:55","slug":"stellenanzeigen","status":"publish","type":"page","link":"https:\/\/fius.de\/index.php\/firmen\/stellenanzeigen\/","title":{"rendered":"Stellenanzeigen"},"content":{"rendered":"\n<p>Auf dieser Seite finden Sie eine \u00dcbersicht \u00fcber die M\u00f6glichkeiten, Ihr Stellenangebot und Ihre Firma bei den Studierenden am Fachbereich Informatik der Universit\u00e4t Stuttgart bekannt zu machen.<\/p>\n\n\n\n<h2 class=\"wp-block-heading\">\u201eSchwarzes Brett\u201c<\/h2>\n\n\n\n<p>Die Fachgruppe h\u00e4ngt Ihre Stellenangebote gerne am \u201eSchwarzen Brett\u201c  (bei uns eine breite Spiegelwand) nahe des Haupteingangs hinter Glas  aus. So sind sie davor gesch\u00fctzt, abgerissen oder manipuliert zu werden.  Je nach Menge der Anfragen ver\u00e4ndert sich die Zeit, die Ihre Angebote  aush\u00e4ngen k\u00f6nnen. Durchschnittlich haben wir jedoch die M\u00f6glichkeit die  Anzeigen f\u00fcr etwa vier Wochen h\u00e4ngen zu lassen.<br>Bitte haben Sie Verst\u00e4ndnis, dass wir aufgrund eingeschr\u00e4nkter Druckm\u00f6glichkeiten nur Aush\u00e4nge aufh\u00e4ngen k\u00f6nnen, die uns bereits auf Papier erreichen. Schicken Sie Ihre Stellenanzeige(n) per Post an:<\/p>\n\n\n\n<blockquote class=\"wp-block-quote is-layout-flow wp-block-quote-is-layout-flow\">\n<p>Fachgruppe Informatik der Universit\u00e4t Stuttgart<br><br>z. H. AK Aushang<br><br>Universit\u00e4tsstr. 38<br><br>70569 Stuttgart<\/p>\n<\/blockquote>\n\n\n\n<p>Alternativ k\u00f6nnen Sie die Stellenangebote auch direkt bei uns in unserem Fachgruppenraum abgeben (Raum 0.001 an der Nordseite des Informatikgeb\u00e4udes V38 \u2013 wenn niemand da ist, einfach unter der T\u00fcr durchschieben).<\/p>\n\n\n\n<p><\/p>\n\n\n\n<h2 class=\"wp-block-heading\">Digitaler Aushang<\/h2>\n\n\n\n<p>F\u00fcr eine Ver\u00f6ffentlichung in unserem digitalen Aushang senden sie einfach eine Mail mit den PDFs an <a href=\"mailto:aushang@fius.de\">aushang@fius.de<\/a>. Dabei m\u00fcssen die PDFs folgenderweise benannt sein:<\/p>\n\n\n\n<p>JJJJ_MM_DD_Firmenname_AngebotenerBeruf.pdf<\/p>\n\n\n\n<p>Beispiel: 2020_05_30_Fachgruppe_Praktikant Softwareentwicklung \u2013 Testautomatisierung.pdf<\/p>\n\n\n\n<p>Ihre Stellenanzeigen werden dann nach sp\u00e4testen wenigen Tagen auf unserem <a href=\"https:\/\/aushang.fius.de\/\">Online-Aushang<\/a> hochgeladen.<\/p>\n\n\n\n<p><\/p>\n\n\n\n<h2 class=\"wp-block-heading\">Bachelor- und Masterarbeiten<\/h2>\n\n\n\n<p>Bachelor- und Masterarbeiten ben\u00f6tigen grunds\u00e4tzlich eine(n) betreuende(n) Professor*in unseres Fachbereichs.<br>Bitte sorgen Sie daf\u00fcr, dass ein Professor oder eine Professorin unseres Fachbereichs daf\u00fcr bereit ist, die Arbeit zu betreuen, bevor Sie uns Angebote f\u00fcr Bachelor- oder Masterarbeiten in Ihrer Firma zum Aushang zukommen lassen.<\/p>\n","protected":false},"excerpt":{"rendered":"<p>Auf dieser Seite finden Sie eine \u00dcbersicht \u00fcber die M\u00f6glichkeiten, Ihr Stellenangebot und Ihre Firma bei den Studierenden am Fachbereich Informatik der Universit\u00e4t Stuttgart bekannt zu machen. \u201eSchwarzes Brett\u201c Die Fachgruppe h\u00e4ngt Ihre Stellenangebote gerne am \u201eSchwarzen Brett\u201c (bei uns eine breite Spiegelwand) nahe des Haupteingangs hinter Glas aus. So sind sie davor gesch\u00fctzt, abgerissen [&hellip;]<\/p>\n","protected":false},"author":3,"featured_media":0,"parent":48,"menu_order":0,"comment_status":"closed","ping_status":"closed","template":"","meta":{"footnotes":""},"class_list":["post-25","page","type-page","status-publish","hentry","wpbf-post"],"_links":{"self":[{"href":"https:\/\/fius.de\/index.php\/wp-json\/wp\/v2\/pages\/25","targetHints":{"allow":["GET"]}}],"collection":[{"href":"https:\/\/fius.de\/index.php\/wp-json\/wp\/v2\/pages"}],"about":[{"href":"https:\/\/fius.de\/index.php\/wp-json\/wp\/v2\/types\/page"}],"author":[{"embeddable":true,"href":"https:\/\/fius.de\/index.php\/wp-json\/wp\/v2\/users\/3"}],"replies":[{"embeddable":true,"href":"https:\/\/fius.de\/index.php\/wp-json\/wp\/v2\/comments?post=25"}],"version-history":[{"count":16,"href":"https:\/\/fius.de\/index.php\/wp-json\/wp\/v2\/pages\/25\/revisions"}],"predecessor-version":[{"id":3719,"href":"https:\/\/fius.de\/index.php\/wp-json\/wp\/v2\/pages\/25\/revisions\/3719"}],"up":[{"embeddable":true,"href":"https:\/\/fius.de\/index.php\/wp-json\/wp\/v2\/pages\/48"}],"wp:attachment":[{"href":"https:\/\/fius.de\/index.php\/wp-json\/wp\/v2\/media?parent=25"}],"curies":[{"name":"wp","href":"https:\/\/api.w.org\/{rel}","templated":true}]}}