{"id":242,"date":"2020-09-21T12:12:46","date_gmt":"2020-09-21T10:12:46","guid":{"rendered":"https:\/\/fius.de\/test2\/?page_id=242"},"modified":"2020-09-21T12:12:47","modified_gmt":"2020-09-21T10:12:47","slug":"studienverlauf-semestertermine","status":"publish","type":"page","link":"https:\/\/fius.de\/index.php\/studierende\/studienverlauf-semestertermine\/","title":{"rendered":"Studienverlauf &#038; Semestertermine"},"content":{"rendered":"\n<h2 class=\"wp-block-heading\">Informationen zum Studium<\/h2>\n\n\n\n<p><a href=\"https:\/\/fius.de\/beratung\/erstsemester\/stundenplaene\/\">Zu den Stundenpl\u00e4nen f\u00fcr Erstis \u276f<\/a><\/p>\n\n\n\n<div class=\"wp-block-group\"><div class=\"wp-block-group__inner-container is-layout-flow wp-block-group-is-layout-flow\">\n<p>Informationen zum Lehrangebot finden sich an verschieden Stellen.<\/p>\n\n\n\n<ul class=\"wp-block-list\"><li><a rel=\"noreferrer noopener\" href=\"https:\/\/campus.uni-stuttgart.de\/\" target=\"_blank\">Lehre an der Uni Stuttgart, insb. am Fachbereich Informatik<\/a><\/li><li><a rel=\"noreferrer noopener\" href=\"https:\/\/www.informatik.uni-stuttgart.de\/studium\/interessierte\/index.html\" target=\"_blank\">Informationen zu den Studieng\u00e4ngen<\/a><br>\u0084\u00dcberblick \u00fcber die Studieng\u00e4nge im Fachbereich Informatik<\/li><li><a rel=\"noreferrer noopener\" href=\"https:\/\/campus.uni-stuttgart.de\/cusonline\/webnav.ini\" target=\"_blank\">CAMPUS: Verwaltungsportal der Universit\u00e4t<\/a><br>Von der Universit\u00e4t zentral zur Verf\u00fcgung gestelltes Portal zur Einsicht in eigen Pr\u00fcfungsleistungen und sonstige Verwaltungsdaten. Die tabellarischen \u00dcbersichten aller Fachbereiche sind hier einsehbar.<\/li><\/ul>\n<\/div><\/div>\n\n\n\n<h3 class=\"wp-block-heading\">Semestertermine<\/h3>\n\n\n\n<p><a rel=\"noreferrer noopener\" href=\"https:\/\/www.uni-stuttgart.de\/studium\/bewerbung\/semestertermine\/\" target=\"_blank\">\u00a0\u00dcbersicht \u00fcber Semestertermine<\/a><\/p>\n\n\n\n<h3 class=\"wp-block-heading\">Studienverlaufspl\u00e4ne<\/h3>\n\n\n\n<ul class=\"wp-block-list\"><li><a rel=\"noreferrer noopener\" href=\"https:\/\/www.informatik.uni-stuttgart.de\/studium\/interessierte\/bsc-studiengaenge\/informatik\/po-2017\/SVP-BSc-INF_2017.pdf\" target=\"_blank\">BSc Informatik<\/a><\/li><li><a rel=\"noreferrer noopener\" href=\"https:\/\/www.informatik.uni-stuttgart.de\/studium\/interessierte\/bsc-studiengaenge\/softwaretechnik\/po-2017\/SVP-BSc-SWT_2017.pdf\" target=\"_blank\">BSc Softwaretechnik<\/a><\/li><li><a rel=\"noreferrer noopener\" href=\"https:\/\/www.informatik.uni-stuttgart.de\/studium\/interessierte\/bsc-studiengaenge\/medieninformatik\/po-2017\/SVP-BSc-MI_2017.pdf\" target=\"_blank\">BSc Medieninformatik<\/a><\/li><li><a rel=\"noreferrer noopener\" href=\"https:\/\/www.informatik.uni-stuttgart.de\/studium\/interessierte\/bsc-studiengaenge\/datascience\/po-2017\/SVP-BSc-DS_2017.pdf\" target=\"_blank\">BSc Data-Science<\/a><\/li><li><a rel=\"noreferrer noopener\" href=\"https:\/\/www.informatik.uni-stuttgart.de\/studium\/interessierte\/msc-studiengaenge\/msc-informatik\/studienstruktur\/SVP_MSc_Informatik.pdf\" target=\"_blank\">MSc Informatik<\/a><\/li><li><a rel=\"noreferrer noopener\" href=\"https:\/\/www.informatik.uni-stuttgart.de\/studium\/interessierte\/msc-studiengaenge\/msc-softwaretechnik\/studienstruktur\/SVP_MSc-SWT_2014.pdf\" target=\"_blank\">MSc Softwaretechnik<\/a><\/li><\/ul>\n\n\n\n<h3 class=\"wp-block-heading\">Seminare<\/h3>\n\n\n\n<p>Die vom Fachbereich Informatik angebotenen Seminare sind f\u00fcr alle Studenten der Informatik, Softwaretechnik, Medieninformatik und Data-Science zug\u00e4nglich. Auch wenn die Seminarbeschreibung irref\u00fchrend sein sollte, gibt es keine exklusiven Seminare.<\/p>\n\n\n\n<p>Die Professorenrunde des Fachbereichs Informatik hat sich am 3. Februar 2016 einen entsprechenden Beschluss gefasst: Die von der Lehreinheit Informatik angebotenen Seminare d\u00fcrfen grunds\u00e4tzlich von Studenten aller Studieng\u00e4nge der Lehreinheit belegt werden. Dies darf nicht durch verpflichtende Vorleistungen eingeschr\u00e4nkt werden, sofern diese nur einzelnen Studieng\u00e4ngen der Lehreinheit zug\u00e4nglich sind.<\/p>\n\n\n\n<h3 class=\"wp-block-heading\">Modulhandb\u00fccher und Pr\u00fcfungsordnungen<\/h3>\n\n\n\n<p><a rel=\"noreferrer noopener\" href=\"http:\/\/www.uni-stuttgart.de\/bologna\/modulhandbuecher\/2018-04-04_stg_info_uebersicht.html#BSC\" target=\"_blank\">Modulhandb\u00fccher und Pr\u00fcfungsordnungen findest du hier \u276f<\/a><\/p>\n","protected":false},"excerpt":{"rendered":"<p>Informationen zum Studium Zu den Stundenpl\u00e4nen f\u00fcr Erstis \u276f Informationen zum Lehrangebot finden sich an verschieden Stellen. Lehre an der Uni Stuttgart, insb. am Fachbereich Informatik Informationen zu den Studieng\u00e4ngen\u0084\u00dcberblick \u00fcber die Studieng\u00e4nge im Fachbereich Informatik CAMPUS: Verwaltungsportal der Universit\u00e4tVon der Universit\u00e4t zentral zur Verf\u00fcgung gestelltes Portal zur Einsicht in eigen Pr\u00fcfungsleistungen und sonstige Verwaltungsdaten. [&hellip;]<\/p>\n","protected":false},"author":4,"featured_media":0,"parent":30,"menu_order":0,"comment_status":"closed","ping_status":"closed","template":"","meta":{"footnotes":""},"class_list":["post-242","page","type-page","status-publish","hentry","wpbf-post"],"_links":{"self":[{"href":"https:\/\/fius.de\/index.php\/wp-json\/wp\/v2\/pages\/242","targetHints":{"allow":["GET"]}}],"collection":[{"href":"https:\/\/fius.de\/index.php\/wp-json\/wp\/v2\/pages"}],"about":[{"href":"https:\/\/fius.de\/index.php\/wp-json\/wp\/v2\/types\/page"}],"author":[{"embeddable":true,"href":"https:\/\/fius.de\/index.php\/wp-json\/wp\/v2\/users\/4"}],"replies":[{"embeddable":true,"href":"https:\/\/fius.de\/index.php\/wp-json\/wp\/v2\/comments?post=242"}],"version-history":[{"count":1,"href":"https:\/\/fius.de\/index.php\/wp-json\/wp\/v2\/pages\/242\/revisions"}],"predecessor-version":[{"id":243,"href":"https:\/\/fius.de\/index.php\/wp-json\/wp\/v2\/pages\/242\/revisions\/243"}],"up":[{"embeddable":true,"href":"https:\/\/fius.de\/index.php\/wp-json\/wp\/v2\/pages\/30"}],"wp:attachment":[{"href":"https:\/\/fius.de\/index.php\/wp-json\/wp\/v2\/media?parent=242"}],"curies":[{"name":"wp","href":"https:\/\/api.w.org\/{rel}","templated":true}]}}