{"id":2280,"date":"2022-04-22T19:13:55","date_gmt":"2022-04-22T17:13:55","guid":{"rendered":"https:\/\/fius.de\/?page_id=2280"},"modified":"2022-05-02T22:24:15","modified_gmt":"2022-05-02T20:24:15","slug":"hackathon","status":"publish","type":"page","link":"https:\/\/fius.de\/index.php\/studierende\/hackathon\/","title":{"rendered":"Hackathon &#8211; Studis helfen Studis"},"content":{"rendered":"\n<figure class=\"wp-block-image size-full is-resized\"><img loading=\"lazy\" decoding=\"async\" src=\"https:\/\/fius.de\/wp-content\/uploads\/2022\/04\/photo_2022-04-22_19-18-03.jpg\" alt=\"\" class=\"wp-image-2285\" width=\"780\" height=\"541\" srcset=\"https:\/\/fius.de\/wp-content\/uploads\/2022\/04\/photo_2022-04-22_19-18-03.jpg 905w, https:\/\/fius.de\/wp-content\/uploads\/2022\/04\/photo_2022-04-22_19-18-03-300x208.jpg 300w, https:\/\/fius.de\/wp-content\/uploads\/2022\/04\/photo_2022-04-22_19-18-03-768x533.jpg 768w\" sizes=\"auto, (max-width: 780px) 100vw, 780px\" \/><\/figure>\n\n\n\n<p>Hallo zusammen,<br>da wir endlich wieder Pr\u00e4senzveranstaltungen machen k\u00f6nnen starten wir direkt mit einem Hackathon Anfang Mai.<br>Bei diesem Hackathon geht es darum ein Programm zu entwickeln das uns Studis bei unserem Studium helfen kann (wir sehen das ganze recht weit gefasst \ud83d\ude09 Wenn ihr eine kreative Idee habt, die iirgendwie Studis hilft, seid ihr willkommen).<\/p>\n\n\n\n<p>F\u00fcr drei Gewinnerteams winken viele tolle Preise, der am Ende verliehen werden.<br>F\u00fcrs erstplatzierte Team gibt es Preise im Wert von 100\u20ac pro Person.<\/p>\n\n\n\n<p>Ihr seid Ersti und oder k\u00f6nnt noch nicht sicher programmieren?<br>Auch f\u00fcr euch gibt es eine Kategorie in der ihr ohne viel Programmierkenntnisse einen Preis gewinnen k\u00f6nnt!<\/p>\n\n\n\n<p>Meldet euch als Team unter <a href=\"http:\/\/s.fius.de\/hackathon-22\" data-type=\"URL\" data-id=\"s.fius.de\/hackathon-22\">s.fius.de\/hackathon-22<\/a> an<\/p>\n\n\n\n<p>Essen, Trinken und hochwertige Preise werden durch unseren Sponsor, das Informatik-Forum Stuttgart &#8222;infos&#8220; zur Verf\u00fcgung gestellt.<\/p>\n\n\n\n<p><\/p>\n\n\n\n<h2 class=\"wp-block-heading\">Q&amp;A<\/h2>\n\n\n\n<h3 class=\"wp-block-heading\">Was ist ein Hackathon?<\/h3>\n\n\n\n<p>Ein Wochenende, an dem Gruppen zu einem Thema programmieren. Die Ergebnisse werden am Ende von einer Jury bewertet.<\/p>\n\n\n\n<h3 class=\"wp-block-heading\">Kann ich was gewinnen?<\/h3>\n\n\n\n<p>Ja! F\u00fcr die besten Teams warten Preise im Wert von bis zu 100\u20ac pro Person.<\/p>\n\n\n\n<h3 class=\"wp-block-heading\">Kostet das was?<\/h3>\n\n\n\n<p>Nein.<\/p>\n\n\n\n<h3 class=\"wp-block-heading\">Gibt es was zu essen?<\/h3>\n\n\n\n<p>Ja, Das Informatik-Forum Stuttgart hat neben den Preisen auch Essen und Getr\u00e4nke spendiert.<\/p>\n\n\n\n<h3 class=\"wp-block-heading\">Kann ich auch Nachts programmieren?<\/h3>\n\n\n\n<p>Das Informatikgeb\u00e4ude wird im Hackathonzeitraum t\u00e4glich 24 Stunden f\u00fcr euch ge\u00f6ffnet sein.<\/p>\n","protected":false},"excerpt":{"rendered":"<p>Hallo zusammen,da wir endlich wieder Pr\u00e4senzveranstaltungen machen k\u00f6nnen starten wir direkt mit einem Hackathon Anfang Mai.Bei diesem Hackathon geht es darum ein Programm zu entwickeln das uns Studis bei unserem Studium helfen kann (wir sehen das ganze recht weit gefasst \ud83d\ude09 Wenn ihr eine kreative Idee habt, die iirgendwie Studis hilft, seid ihr willkommen). F\u00fcr [&hellip;]<\/p>\n","protected":false},"author":6,"featured_media":0,"parent":30,"menu_order":0,"comment_status":"closed","ping_status":"closed","template":"","meta":{"footnotes":""},"class_list":["post-2280","page","type-page","status-publish","hentry","wpbf-post"],"_links":{"self":[{"href":"https:\/\/fius.de\/index.php\/wp-json\/wp\/v2\/pages\/2280","targetHints":{"allow":["GET"]}}],"collection":[{"href":"https:\/\/fius.de\/index.php\/wp-json\/wp\/v2\/pages"}],"about":[{"href":"https:\/\/fius.de\/index.php\/wp-json\/wp\/v2\/types\/page"}],"author":[{"embeddable":true,"href":"https:\/\/fius.de\/index.php\/wp-json\/wp\/v2\/users\/6"}],"replies":[{"embeddable":true,"href":"https:\/\/fius.de\/index.php\/wp-json\/wp\/v2\/comments?post=2280"}],"version-history":[{"count":6,"href":"https:\/\/fius.de\/index.php\/wp-json\/wp\/v2\/pages\/2280\/revisions"}],"predecessor-version":[{"id":2291,"href":"https:\/\/fius.de\/index.php\/wp-json\/wp\/v2\/pages\/2280\/revisions\/2291"}],"up":[{"embeddable":true,"href":"https:\/\/fius.de\/index.php\/wp-json\/wp\/v2\/pages\/30"}],"wp:attachment":[{"href":"https:\/\/fius.de\/index.php\/wp-json\/wp\/v2\/media?parent=2280"}],"curies":[{"name":"wp","href":"https:\/\/api.w.org\/{rel}","templated":true}]}}