{"id":222,"date":"2020-09-19T17:16:05","date_gmt":"2020-09-19T15:16:05","guid":{"rendered":"https:\/\/fius.de\/test2\/?page_id=222"},"modified":"2024-03-05T18:41:09","modified_gmt":"2024-03-05T17:41:09","slug":"kontakt","status":"publish","type":"page","link":"https:\/\/fius.de\/index.php\/fius\/kontakt\/","title":{"rendered":"Kontakt"},"content":{"rendered":"\n<h2 class=\"wp-block-heading\">Wie erreicht man uns?<\/h2>\n\n\n\n<p>Addresse: Universit\u00e4tsstra\u00dfe 38, 70569 Stuttgart<\/p>\n\n\n\n<p>Telefon: 0711 685 88367<\/p>\n\n\n\n<p>E-Mail: fs@fius.de<\/p>\n\n\n\n<p>Wir sind im Raum 0.001, vom Campuseingang die erste T\u00fcr auf der rechten Seite.<\/p>\n\n\n\n<h2 class=\"wp-block-heading\">Anonyme Nachricht<\/h2>\n\n\n\n<div class=\"wpcf7 no-js\" id=\"wpcf7-f491-o1\" lang=\"de-DE\" dir=\"ltr\" data-wpcf7-id=\"491\">\n<div class=\"screen-reader-response\"><p role=\"status\" aria-live=\"polite\" aria-atomic=\"true\"><\/p> <ul><\/ul><\/div>\n<form action=\"\/index.php\/wp-json\/wp\/v2\/pages\/222#wpcf7-f491-o1\" method=\"post\" class=\"wpcf7-form init\" aria-label=\"Kontaktformular\" novalidate=\"novalidate\" data-status=\"init\">\n<fieldset class=\"hidden-fields-container\"><input type=\"hidden\" name=\"_wpcf7\" value=\"491\" \/><input type=\"hidden\" name=\"_wpcf7_version\" value=\"6.1.5\" \/><input type=\"hidden\" name=\"_wpcf7_locale\" value=\"de_DE\" \/><input type=\"hidden\" name=\"_wpcf7_unit_tag\" value=\"wpcf7-f491-o1\" \/><input type=\"hidden\" name=\"_wpcf7_container_post\" value=\"0\" \/><input type=\"hidden\" name=\"_wpcf7_posted_data_hash\" value=\"\" \/>\n<\/fieldset>\n<p>Dieses Formular ist f\u00fcr anonyme Nachrichten an uns.<br \/>\nWenn deine Nachricht keine Anonymit\u00e4t erfordert, schick uns bitte einfach eine Mail (siehe oben).<br \/>\nAchtung: Da die Nachricht anonym ist, k\u00f6nnen wir dir nicht antworten!<br \/>\n<label> Betreff<br \/>\n<span class=\"wpcf7-form-control-wrap\" data-name=\"your-subject\"><input size=\"40\" maxlength=\"400\" class=\"wpcf7-form-control wpcf7-text\" aria-invalid=\"false\" value=\"\" type=\"text\" name=\"your-subject\" \/><\/span> <\/label>\n<\/p>\n<p><label> Nachricht<br \/>\n<span class=\"wpcf7-form-control-wrap\" data-name=\"your-message\"><textarea cols=\"40\" rows=\"10\" maxlength=\"2000\" class=\"wpcf7-form-control wpcf7-textarea\" aria-invalid=\"false\" name=\"your-message\"><\/textarea><\/span> <\/label>\n<\/p>\n<p><span class=\"wpcf7-form-control-wrap\" data-name=\"acceptance-161\"><span class=\"wpcf7-form-control wpcf7-acceptance\"><span class=\"wpcf7-list-item\"><label><input type=\"checkbox\" name=\"acceptance-161\" value=\"1\" aria-invalid=\"false\" \/><span class=\"wpcf7-list-item-label\">Die obigen Angaben enthalten keine pers\u00f6nlichen Daten \u00fcber mich.<\/span><\/label><\/span><\/span><\/span><br \/>\n<span class=\"wpcf7-form-control-wrap\" data-name=\"quiz-635\"><label><span class=\"wpcf7-quiz-label\">Sicherheitsfrage zur Spamvermeidung: Was ist die Hausnummer unseres Informatik Geb\u00e4udes? (Tipp: Siehe oben)<\/span> <input size=\"40\" class=\"wpcf7-form-control wpcf7-quiz\" autocomplete=\"off\" aria-required=\"true\" aria-invalid=\"false\" type=\"text\" name=\"quiz-635\" \/><\/label><input type=\"hidden\" name=\"_wpcf7_quiz_answer_quiz-635\" value=\"fca942b3cf168be4f56acd571a5d00b0\" \/><\/span><br \/>\n<input class=\"wpcf7-form-control wpcf7-submit has-spinner\" type=\"submit\" value=\"Senden\" \/>\n<\/p><div class=\"wpcf7-response-output\" aria-hidden=\"true\"><\/div>\n<\/form>\n<\/div>\n\n","protected":false},"excerpt":{"rendered":"<p>Wie erreicht man uns? Addresse: Universit\u00e4tsstra\u00dfe 38, 70569 Stuttgart Telefon: 0711 685 88367 E-Mail: fs@fius.de Wir sind im Raum 0.001, vom Campuseingang die erste T\u00fcr auf der rechten Seite. Anonyme Nachricht<\/p>\n","protected":false},"author":3,"featured_media":0,"parent":32,"menu_order":0,"comment_status":"closed","ping_status":"closed","template":"","meta":{"footnotes":""},"class_list":["post-222","page","type-page","status-publish","hentry","wpbf-post"],"_links":{"self":[{"href":"https:\/\/fius.de\/index.php\/wp-json\/wp\/v2\/pages\/222","targetHints":{"allow":["GET"]}}],"collection":[{"href":"https:\/\/fius.de\/index.php\/wp-json\/wp\/v2\/pages"}],"about":[{"href":"https:\/\/fius.de\/index.php\/wp-json\/wp\/v2\/types\/page"}],"author":[{"embeddable":true,"href":"https:\/\/fius.de\/index.php\/wp-json\/wp\/v2\/users\/3"}],"replies":[{"embeddable":true,"href":"https:\/\/fius.de\/index.php\/wp-json\/wp\/v2\/comments?post=222"}],"version-history":[{"count":5,"href":"https:\/\/fius.de\/index.php\/wp-json\/wp\/v2\/pages\/222\/revisions"}],"predecessor-version":[{"id":3023,"href":"https:\/\/fius.de\/index.php\/wp-json\/wp\/v2\/pages\/222\/revisions\/3023"}],"up":[{"embeddable":true,"href":"https:\/\/fius.de\/index.php\/wp-json\/wp\/v2\/pages\/32"}],"wp:attachment":[{"href":"https:\/\/fius.de\/index.php\/wp-json\/wp\/v2\/media?parent=222"}],"curies":[{"name":"wp","href":"https:\/\/api.w.org\/{rel}","templated":true}]}}