{"id":21,"date":"2019-05-04T14:26:34","date_gmt":"2019-05-04T14:26:34","guid":{"rendered":"https:\/\/fius.de\/test2\/?page_id=21"},"modified":"2021-02-07T14:29:32","modified_gmt":"2021-02-07T13:29:32","slug":"beratungsstellen","status":"publish","type":"page","link":"https:\/\/fius.de\/index.php\/studierende\/beratungsstellen\/","title":{"rendered":"Beratungsstellen"},"content":{"rendered":"\n<h2 class=\"wp-block-heading\">F\u00fcr jede Frage die passende Ansprechsperson<\/h2>\n\n\n\n<p>Au\u00dfer uns und unserer Studienberatung aus Sicht von Studierenden gibt es nat\u00fcrlich auch viele weitere Menschen an der Universit\u00e4t Stuttgart, die euch bei Problemen weiterhelfen. Solltet ihr euch nicht sicher sein, welche Person f\u00fcr eure Probleme zust\u00e4ndig bzw. die richtige Person ist, k\u00f6nnt ihr uns kontaktieren oder einfach eine der untenstehenden Personen anschreiben (sie kennen auch die M\u00f6glichkeiten und leiten euch dann weiter).<\/p>\n\n\n\n<h2 class=\"wp-block-heading\">Fachstudienberater*in<\/h2>\n\n\n\n<p>Bei Fragen rund ums Studium, Pr\u00fcfungsordnung, Studiengangswechseln etc. k\u00f6nnt ihr euch an die passenden Fachstudienberater*in wenden.<br>F\u00fcr die Informatik ist dies im Moment <a href=\"https:\/\/www.uni-stuttgart.de\/universitaet\/organisation\/personen\/Zimmer-00002\/\">Dr. Stefan Zimmer<\/a>, f\u00fcr Softwaretechnik, Data-Science und Medieninformatik <a href=\"https:\/\/www.f05.uni-stuttgart.de\/fakultaet\/personen\/Schneider-00001\/\">Dr. Katrin Schneider<\/a> und f\u00fcr Lehramt, Technikp\u00e4dagogik und Nebenf\u00e4chler ist <a href=\"https:\/\/www.f05.uni-stuttgart.de\/fakultaet\/personen\/Hertrampf-00001\/\">Prof. Dr. Ulrich Hertrampf<\/a> zust\u00e4ndig. F\u00fcr Computer Science, kontaktiert <a href=\"https:\/\/www.f05.uni-stuttgart.de\/fakultaet\/personen\/Anstein-00001\/\">Dr. Stefanie Anstein<\/a>.<\/p>\n\n\n\n<h2 class=\"wp-block-heading\">Studienlotsen<\/h2>\n\n\n\n<p>Wenn du nicht mehr wei\u00dft wie es mit deinem Studium weitergehen soll oder wenn du Probleme darin hast, bieten dir die <a rel=\"noreferrer noopener\" href=\"http:\/\/www.uni-stuttgart.de\/studienlotsen\" target=\"_blank\">Studienlotsen<\/a> immer ein offenes Ohr an und versuchen deine Fragen zu beantworten und eine L\u00f6sung f\u00fcr dich zu entwickeln. <\/p>\n\n\n\n<p class=\"important\">Anm.: Das Studienverlaufsmonitoring befindet sich aktuell in einer \u00dcbergangsphase, da die Projektfinanzierung abgelaufen ist. Somit sind <strong>derzeit nicht alle Stellen der Studienlots*innen besetzt<\/strong>.<\/p>\n\n\n\n<h2 class=\"wp-block-heading\">Ombudsperson Lehre<\/h2>\n\n\n\n<p>Im Zuge des Qualit\u00e4tspaket Lehre haben wir eine weitere Ansprechpartnerin gewonnen: die <a rel=\"noreferrer noopener\" href=\"http:\/\/www.uni-stuttgart.de\/ombudsperson\" target=\"_blank\">Ombudsperson Lehre<\/a>. Sie ist Ansprechpartnerin f\u00fcr organisatorische und \u00fcberfachliche Probleme, Beschwerden oder Vorschl\u00e4ge bez\u00fcglich des Studiums und steht euch Studierenden bei Konflikten in der Lehre unterst\u00fctzend zur Seite.<\/p>\n\n\n\n<h2 class=\"wp-block-heading\">Pr\u00fcfungsausschuss<\/h2>\n\n\n\n<p>Wer Fragen zu Pr\u00fcfungsr\u00fccktritt, Anmeldemodalit\u00e4ten, oder sonstige Probleme mit Pr\u00fcfungen hat, sollte sich einmal bei der <a href=\"https:\/\/www.f05.uni-stuttgart.de\/informatik\/fachbereich\/pruefungsausschuesse\/\" target=\"_blank\" rel=\"noreferrer noopener\">Homepage des Pr\u00fcfungsausschusses<\/a> umsehen.<\/p>\n\n\n\n<h2 class=\"wp-block-heading\">Pr\u00fcfungsamt<\/h2>\n\n\n\n<p>Das <a href=\"https:\/\/www.student.uni-stuttgart.de\/pruefungsorganisation\/pruefungsamt\/\" target=\"_blank\" rel=\"noreferrer noopener\">Pr\u00fcfungsamt<\/a> ist f\u00fcr das ganze Formale an Pr\u00fcfungen zust\u00e4ndig. Egal ob ihr euch von einer Pr\u00fcfung krankmelden wollt, es Probleme bei der Pr\u00fcfungsanmeldung gab, o. \u00e4. : das Pr\u00fcfungsamt kann euch in Sachen Pr\u00fcfungen alle Fragen beantworten!<\/p>\n\n\n\n<h2 class=\"wp-block-heading\">Dezernat Internationales<\/h2>\n\n\n\n<p>Egal ob ihr plant f\u00fcr ein Semester oder l\u00e4nger ins Ausland zu gehen oder aus dem Ausland seid und unterst\u00fctzung braucht: Das <a rel=\"noreferrer noopener\" href=\"https:\/\/www.uni-stuttgart.de\/universitaet\/international\/service\/\" target=\"_blank\">Dezernat Internationales<\/a> unterst\u00fctzt euch so gut wie m\u00f6glich, denn:<\/p>\n\n\n\n<p>Die Universit\u00e4t Stuttgart ist eine international anerkannte Forschungsuniversit\u00e4t und pflegt eine globale Kultur. Das bringt mit sich, dass sie ihren Studierenden die M\u00f6glichkeit gibt, sich an Hochschulen im Ausland weiter zu bilden. Ihre Forschenden f\u00f6rdert sie bei der weltweiten wissenschaftlichen Zusammenarbeit mit Wissenschaftlerinnen und Wissenschaftlern aller Disziplinen. Genauso unterst\u00fctzt sie auch talentierte Menschen aus dem Ausland dabei, an der Universit\u00e4t Stuttgart zu studieren oder ihre Forschung voranzubringen.<\/p>\n\n\n\n<h2 class=\"wp-block-heading\">Zentrale Studienberatung<\/h2>\n\n\n\n<p>Die <a rel=\"noreferrer noopener\" href=\"http:\/\/goo.gl\/n3cAAB\" target=\"_blank\">ZSB<\/a> informiert und ber\u00e4t Studierende bei Studienm\u00f6glichkeiten, Inhalten, Aufbau und Anforderungen des Studiums, bei studientechnischen Fragen und Problemen.<\/p>\n","protected":false},"excerpt":{"rendered":"<p>F\u00fcr jede Frage die passende Ansprechsperson Au\u00dfer uns und unserer Studienberatung aus Sicht von Studierenden gibt es nat\u00fcrlich auch viele weitere Menschen an der Universit\u00e4t Stuttgart, die euch bei Problemen weiterhelfen. Solltet ihr euch nicht sicher sein, welche Person f\u00fcr eure Probleme zust\u00e4ndig bzw. die richtige Person ist, k\u00f6nnt ihr uns kontaktieren oder einfach eine [&hellip;]<\/p>\n","protected":false},"author":3,"featured_media":0,"parent":30,"menu_order":0,"comment_status":"closed","ping_status":"closed","template":"","meta":{"footnotes":""},"class_list":["post-21","page","type-page","status-publish","hentry","wpbf-post"],"_links":{"self":[{"href":"https:\/\/fius.de\/index.php\/wp-json\/wp\/v2\/pages\/21","targetHints":{"allow":["GET"]}}],"collection":[{"href":"https:\/\/fius.de\/index.php\/wp-json\/wp\/v2\/pages"}],"about":[{"href":"https:\/\/fius.de\/index.php\/wp-json\/wp\/v2\/types\/page"}],"author":[{"embeddable":true,"href":"https:\/\/fius.de\/index.php\/wp-json\/wp\/v2\/users\/3"}],"replies":[{"embeddable":true,"href":"https:\/\/fius.de\/index.php\/wp-json\/wp\/v2\/comments?post=21"}],"version-history":[{"count":11,"href":"https:\/\/fius.de\/index.php\/wp-json\/wp\/v2\/pages\/21\/revisions"}],"predecessor-version":[{"id":1528,"href":"https:\/\/fius.de\/index.php\/wp-json\/wp\/v2\/pages\/21\/revisions\/1528"}],"up":[{"embeddable":true,"href":"https:\/\/fius.de\/index.php\/wp-json\/wp\/v2\/pages\/30"}],"wp:attachment":[{"href":"https:\/\/fius.de\/index.php\/wp-json\/wp\/v2\/media?parent=21"}],"curies":[{"name":"wp","href":"https:\/\/api.w.org\/{rel}","templated":true}]}}