{"id":17,"date":"2019-05-04T14:25:53","date_gmt":"2019-05-04T14:25:53","guid":{"rendered":"https:\/\/fius.de\/test2\/?page_id=17"},"modified":"2021-04-14T12:13:29","modified_gmt":"2021-04-14T10:13:29","slug":"mailinglisten","status":"publish","type":"page","link":"https:\/\/fius.de\/index.php\/studierende\/mailinglisten\/","title":{"rendered":"Mailinglisten"},"content":{"rendered":"\n<h3 class=\"wp-block-heading\">Allgemein<\/h3>\n\n\n\n<p>Die Fachgruppe&nbsp;betreibt einige Mailinglisten, um Informationen schnell und unkompliziert verteilen zu k\u00f6nnen. Alle unsere Mailinglisten sind moderiert und somit frei von unerw\u00fcnschten Nachrichten&nbsp;\u2013 Du&nbsp;kannst Dich also problemlos f\u00fcr ein Liste eintragen lassen.<\/p>\n\n\n\n<h3 class=\"wp-block-heading\">studi-info<\/h3>\n\n\n\n<p>Die studi-info-Mailingliste ist die Wichtigste unserer Mailinglisten, und wir empfehlen jedem sich auf diese Liste\u00a0setzen zu lassen. \u00dcber diese Liste wirst\u00a0Du an alle studienrelevanten Dinge erinnert \u2013 Pr\u00fcfungsanmeldung, R\u00fcckmeldung, Seminaranmeldung etc.<br> <a href=\"https:\/\/lists.stuvus.uni-stuttgart.de\/wws\/subscribe\/fg-fius-studi-info\" target=\"_blank\" rel=\"noreferrer noopener\">Sofort eintragen lassen \u00bb<\/a><\/p>\n\n\n\n<h3 class=\"wp-block-heading\">studi-misc<\/h3>\n\n\n\n<p>Du m\u00f6chtest ein wenig \u00fcber den Tellerrand blicken und mehr Informationen zu Vortr\u00e4gen der\u00a0Gastdozenten, Exkursionen, Messen oder \u00c4hnlichem\u00a0erfahren? Dann ist die studi-misc-Liste\u00a0deine\u00a0richtige Wahl.<br> <a href=\"https:\/\/lists.stuvus.uni-stuttgart.de\/wws\/subscribe\/fg-fius-studi-misc\" target=\"_blank\" rel=\"noreferrer noopener\">Sofort eintragen lassen \u00bb<\/a><\/p>\n","protected":false},"excerpt":{"rendered":"<p>Allgemein Die Fachgruppe&nbsp;betreibt einige Mailinglisten, um Informationen schnell und unkompliziert verteilen zu k\u00f6nnen. Alle unsere Mailinglisten sind moderiert und somit frei von unerw\u00fcnschten Nachrichten&nbsp;\u2013 Du&nbsp;kannst Dich also problemlos f\u00fcr ein Liste eintragen lassen. studi-info Die studi-info-Mailingliste ist die Wichtigste unserer Mailinglisten, und wir empfehlen jedem sich auf diese Liste\u00a0setzen zu lassen. \u00dcber diese Liste wirst\u00a0Du [&hellip;]<\/p>\n","protected":false},"author":3,"featured_media":0,"parent":30,"menu_order":0,"comment_status":"closed","ping_status":"closed","template":"","meta":{"footnotes":""},"class_list":["post-17","page","type-page","status-publish","hentry","wpbf-post"],"_links":{"self":[{"href":"https:\/\/fius.de\/index.php\/wp-json\/wp\/v2\/pages\/17","targetHints":{"allow":["GET"]}}],"collection":[{"href":"https:\/\/fius.de\/index.php\/wp-json\/wp\/v2\/pages"}],"about":[{"href":"https:\/\/fius.de\/index.php\/wp-json\/wp\/v2\/types\/page"}],"author":[{"embeddable":true,"href":"https:\/\/fius.de\/index.php\/wp-json\/wp\/v2\/users\/3"}],"replies":[{"embeddable":true,"href":"https:\/\/fius.de\/index.php\/wp-json\/wp\/v2\/comments?post=17"}],"version-history":[{"count":5,"href":"https:\/\/fius.de\/index.php\/wp-json\/wp\/v2\/pages\/17\/revisions"}],"predecessor-version":[{"id":1622,"href":"https:\/\/fius.de\/index.php\/wp-json\/wp\/v2\/pages\/17\/revisions\/1622"}],"up":[{"embeddable":true,"href":"https:\/\/fius.de\/index.php\/wp-json\/wp\/v2\/pages\/30"}],"wp:attachment":[{"href":"https:\/\/fius.de\/index.php\/wp-json\/wp\/v2\/media?parent=17"}],"curies":[{"name":"wp","href":"https:\/\/api.w.org\/{rel}","templated":true}]}}