{"id":14,"date":"2019-05-04T14:25:20","date_gmt":"2019-05-04T14:25:20","guid":{"rendered":"https:\/\/fius.de\/test2\/?page_id=14"},"modified":"2026-03-17T16:34:03","modified_gmt":"2026-03-17T15:34:03","slug":"verleih","status":"publish","type":"page","link":"https:\/\/fius.de\/index.php\/studierende\/verleih\/","title":{"rendered":"Verleih"},"content":{"rendered":"\n<p>Folgendes verleihen wir und ihr findet dazu weiter unten die genaueren Informationen:<\/p>\n\n\n\n<ul class=\"wp-block-list\">\n<li>Schriftliche Pr\u00fcfungen und Protokolle von m\u00fcndlichen Pr\u00fcfungen der vorangegangenen Semester<\/li>\n\n\n\n<li>Schlie\u00dff\u00e4cher<\/li>\n\n\n\n<li>Spiele und VR-Brillen<\/li>\n<\/ul>\n\n\n\n<h2 class=\"wp-block-heading\">Pr\u00fcfungen<\/h2>\n\n\n\n<p>Wir haben eine Sammlung <strong>alter Pr\u00fcfungen sowie Ged\u00e4chtnisprotokolle schriftlicher und m\u00fcndlicher Pr\u00fcfungen<\/strong>. Um diese f\u00fcr deine Module als PDF-Dateien zu erhalten, komm gerne in der Fachgruppe vorbei und frag uns nach den gew\u00fcnschten Altklausuren. Die Fachgruppe befindet sich in Raum 0.001 (die erste T\u00fcr rechts, wenn du das Geb\u00e4ude von Norden bzw. vom roten Platz aus betrittst) im Informatikgeb\u00e4ude (Universit\u00e4tsstr. 38).<\/p>\n\n\n\n<p>Wenn es dir nicht m\u00f6glich ist, pers\u00f6nlich in die Fachschaft zu kommen, kannst du die Altklausuren auch per <a href=\"mailto:verleih@fius.de\">E-Mail an verleih@fius.de<\/a> ausleihen. Bedenke dabei, dass das f\u00fcr uns mehr Aufwand ist und dementsprechend l\u00e4nger dauern kann. Sende uns in diesem Fall eine Mail mit den Namen der F\u00e4cher, f\u00fcr die du Pr\u00fcfungsprotokolle ausleihen willst, an <a href=\"mailto:verleih@fius.de\">verleih@fius.de<\/a>. Dann landet deine Anfrage in unserem Ticketsystem und wir werden dir die entsprechenden Altpr\u00fcfungen und Protokolle zukommen lassen.<br><\/p>\n\n\n\n<p>Manchmal stellt auch das Institut, das f\u00fcr das Fach verantwortlich ist, auf ihrer Webseite oder im Ilias-Kurs des Fachs alte Pr\u00fcfungen zur Verf\u00fcgung.<\/p>\n\n\n\n<h3 class=\"wp-block-heading\">Pr\u00fcfungen bei Instituten<\/h3>\n\n\n\n<div class=\"wp-block-group is-layout-flow wp-block-group-is-layout-flow\">\n<p>Bei Manchen Instituten kann man sich die Pr\u00fcfungen direkt herunterladen, teilweise auch mit L\u00f6sungen.<\/p>\n\n\n\n<ul class=\"wp-block-list\">\n<li>Von der Mathe werden viele Altklausuren bereitgestellt: <a href=\"https:\/\/mo.mathematik.uni-stuttgart.de\/tests\/klausuren.html\">https:\/\/mo.mathematik.uni-stuttgart.de\/tests\/klausuren.html<\/a><\/li>\n\n\n\n<li>Theo I, II, III; LuDS, FSuA; TGI; AuB; Algo; Graphentheoerie: <a href=\"https:\/\/fmi.uni-stuttgart.de\/ti\/teaching\/exams\/ \">https:\/\/fmi.uni-stuttgart.de\/ti\/teaching\/exams\/ <\/a><\/li>\n<\/ul>\n\n\n\n<p><\/p>\n<\/div>\n\n\n\n<h3 class=\"wp-block-heading\">Auf deine Hilfe kommt es an:<\/h3>\n\n\n\n<p>Damit unsere Sammlung aktuell bleibt brauchen wir deine Hilfe:<br>Frag&#8216; den Pr\u00fcfer nach einer Kopie f\u00fcr die Fachgruppe oder schreib&#8216; nach der schriftlichen\/m\u00fcndlichen Pr\u00fcfung ein Ged\u00e4chtnisprotokoll.<br>Die Kopie oder das Protokoll kannst du z.\u202fB. als PDF-Datei hochladen unter <a rel=\"noreferrer noopener\" href=\"https:\/\/nextcloud.stuvus.uni-stuttgart.de\/s\/XA8979GB2P6gaSd\" target=\"_blank\">https:\/\/nextcloud.stuvus.uni-stuttgart.de\/s\/XA8979GB2P6gaSd<\/a>. Alternativ kannst du es in Papierform im Fachgruppenraum abgeben.<br>F\u00fcr jede Altklausur und jedes Ged\u00e4chtnisprotokoll gibt es zweierlei Belohnung: Im Fachgruppenraum bekommst du eine Tafel Schokolade und die folgenden Studierenden machst du gl\u00fccklich. \ud83d\ude42<\/p>\n\n\n\n<h4 class=\"wp-block-heading\">Folgende Informationen sind in Protokollen ziemlich hilfreich:<\/h4>\n\n\n\n<ul class=\"wp-block-list\">\n<li>Name der Vorlesung(en) und Art der Pr\u00fcfung (schriftlich, m\u00fcndlich (Nachpr\u00fcfung), Vertiefungslinie, \u2026)<\/li>\n\n\n\n<li>Pr\u00fcfer*in<\/li>\n\n\n\n<li>Semester des Pr\u00fcfungstermins (z.B. Sommersemester 2022), ggf. auch Tag der Pr\u00fcfung<\/li>\n\n\n\n<li>Verlauf der Pr\u00fcfung <ul><li>Konntest du dir ein Thema aussuchen?<\/li><\/ul>\n<ul class=\"wp-block-list\">\n<li>Welche Fragen wurden gestellt?<\/li>\n\n\n\n<li>Wie war die Pr\u00fcfungsatmosph\u00e4hre?<\/li>\n\n\n\n<li>Was hast du geantwortet? War die Antwort richtig\/falsch? Wie wurde auf falsche Antworten reagiert? &nbsp;&nbsp;<\/li>\n\n\n\n<li>Dauer \/ Wie viel Zeit hattest du f\u00fcr die Pr\u00fcfung?<\/li>\n<\/ul>\n<\/li>\n<\/ul>\n\n\n\n<h3 class=\"wp-block-heading\">Offenes Ohr f\u00fcr Fragen und Anregungen<\/h3>\n\n\n\n<p>Mit Fragen und Anregungen kannst du dich gerne an verleih@fius.de wenden oder pers\u00f6nlich beim Fachgruppenraum vorbeikommen.<\/p>\n\n\n\n<p><strong>Achtung:<\/strong> Wir bekommen regelm\u00e4\u00dfig Nachrichten, die per Ilias gesendet wurden. Das Problem ist dabei, dass Ilias ist kein richtiges Mailsystem ist. Falls ihr uns \u00fcber Ilias anschreibt, bekommen wir nur noreply@ilias.uni-stuttgart.de als Absenderadresse angezeigt und k\u00f6nnen euch somit nicht antworten! (\u21d2 \u201erichtige\u201c Mail-Adresse benutzen, z.\u202fB. per <a rel=\"noreferrer noopener\" href=\"https:\/\/mail.uni-stuttgart.de\" data-type=\"URL\" data-id=\"https:\/\/mail.uni-stuttgart.de\" target=\"_blank\">mail.uni-stuttgart.de<\/a>)<\/p>\n\n\n\n<h2 class=\"wp-block-heading\">Schlie\u00dff\u00e4cher<\/h2>\n\n\n\n<p>Wir verwalten die Schlie\u00dff\u00e4cher im Informatikgeb\u00e4ude und verleihen sie gegen Kaution an Studierende.<\/p>\n\n\n\n<p>Wenn ihr ein Schlie\u00dffach leihen m\u00f6chtet, f\u00fcllt bitte einen <a href=\"https:\/\/sv.fius.de\" data-type=\"link\" data-id=\"https:\/\/www.sv.fius.de\">Antrag<\/a> aus. Im Antrag m\u00fcsst ihr eine aktuelle, g\u00fcltige ECUS-Marke hochladen. Diese k\u00f6nnt ihr im C@MPUS finden. Nachdem wir die G\u00fcltigkeit \u00fcberpr\u00fcft haben, werdet ihr auf die Warteliste gesetzt. Das System weist euch automatisch ein Schlie\u00dffach zu, sobald eines frei ist. Dann bekommt ihr eine E-Mail, die euch auffordert innerhalb von zwei Wochen die Kaution in H\u00f6he von 10\u20ac in der Fachgruppe zu zahlen. Danach wird euch eure Schlie\u00dffachnummer und die dazugeh\u00f6rige PIN zugesendet. Bitte \u00e4ndert die PIN gleich bei der ersten Benutzung. Eine Anleitung dazu findet ihr <a href=\"https:\/\/fius.de\/wp-content\/uploads\/2024\/10\/Schliessfach_Anleitung.pdf\" data-type=\"link\" data-id=\"https:\/\/fius.de\/wp-content\/uploads\/2024\/07\/Schliessfach_Anleitung.pdf\">hier<\/a>.<\/p>\n\n\n\n<p>Bitte lest euch den <a href=\"https:\/\/fius.de\/wp-content\/uploads\/2024\/10\/Schliessfach_Leihvertrag.pdf\">Leihvertrag<\/a> genau durch.<\/p>\n\n\n\n<p>Wichtig: Ihr m\u00fcsst alle sechs Monate eure Schlie\u00dffachleihe verl\u00e4ngern. Hierzu erhaltet ihr rechtzeitig eine Mail, ihr m\u00fcsst euch also nicht unaufgefordert zur\u00fcckmelden. Ab Erhalt der Mail habt ihr dann wieder zwei Wochen Zeit, eine aktuelle, g\u00fcltige ECUS-Marke einzureichen.<\/p>\n\n\n\n<p>Noch Fragen? Schreibt uns eine Mail an <a href=\"mailto:schliessfach@fius.de\">schliessfach@fius.de<\/a>.<\/p>\n\n\n\n<h2 class=\"wp-block-heading\">Spiele und VR-Brillen<\/h2>\n\n\n\n<p>Wir haben viele verschiedene Brett- und Kartenspiele als auch 2 VR-Brillen, die wir kostenlos an alle Studierenden verleihen. Kommt dazu einfach zu uns in den Fachgruppenraum \ud83d\ude42<br>Die maximale Ausleihdauer betr\u00e4gt 2 Wochen und ihr m\u00fcsst nur ein kleines Pfand hinterlassen, dass ihr bei R\u00fcckgabe wiederbekommt.<\/p>\n","protected":false},"excerpt":{"rendered":"<p>Folgendes verleihen wir und ihr findet dazu weiter unten die genaueren Informationen: Pr\u00fcfungen Wir haben eine Sammlung alter Pr\u00fcfungen sowie Ged\u00e4chtnisprotokolle schriftlicher und m\u00fcndlicher Pr\u00fcfungen. Um diese f\u00fcr deine Module als PDF-Dateien zu erhalten, komm gerne in der Fachgruppe vorbei und frag uns nach den gew\u00fcnschten Altklausuren. Die Fachgruppe befindet sich in Raum 0.001 (die [&hellip;]<\/p>\n","protected":false},"author":3,"featured_media":0,"parent":30,"menu_order":0,"comment_status":"closed","ping_status":"closed","template":"","meta":{"footnotes":""},"class_list":["post-14","page","type-page","status-publish","hentry","wpbf-post"],"_links":{"self":[{"href":"https:\/\/fius.de\/index.php\/wp-json\/wp\/v2\/pages\/14","targetHints":{"allow":["GET"]}}],"collection":[{"href":"https:\/\/fius.de\/index.php\/wp-json\/wp\/v2\/pages"}],"about":[{"href":"https:\/\/fius.de\/index.php\/wp-json\/wp\/v2\/types\/page"}],"author":[{"embeddable":true,"href":"https:\/\/fius.de\/index.php\/wp-json\/wp\/v2\/users\/3"}],"replies":[{"embeddable":true,"href":"https:\/\/fius.de\/index.php\/wp-json\/wp\/v2\/comments?post=14"}],"version-history":[{"count":32,"href":"https:\/\/fius.de\/index.php\/wp-json\/wp\/v2\/pages\/14\/revisions"}],"predecessor-version":[{"id":3714,"href":"https:\/\/fius.de\/index.php\/wp-json\/wp\/v2\/pages\/14\/revisions\/3714"}],"up":[{"embeddable":true,"href":"https:\/\/fius.de\/index.php\/wp-json\/wp\/v2\/pages\/30"}],"wp:attachment":[{"href":"https:\/\/fius.de\/index.php\/wp-json\/wp\/v2\/media?parent=14"}],"curies":[{"name":"wp","href":"https:\/\/api.w.org\/{rel}","templated":true}]}}