{"id":1377,"date":"2020-11-18T07:12:56","date_gmt":"2020-11-18T06:12:56","guid":{"rendered":"https:\/\/fius.de\/?page_id=1377"},"modified":"2024-04-26T13:34:17","modified_gmt":"2024-04-26T11:34:17","slug":"3d-drucker","status":"publish","type":"page","link":"https:\/\/fius.de\/index.php\/studierende\/3d-drucker\/","title":{"rendered":"3D-Drucker"},"content":{"rendered":"\n<p>Wir haben inzwischen einen 3D-Drucker, auf dem Ihr eure eigenen Modelle drucken k\u00f6nnt (oder einfach nur gut aussehende runtergeladene). Dabei handelt es sich um den Open-Source 3D-Drucker Prusa I3 MK3S.<\/p>\n\n\n\n<figure class=\"wp-block-image aligncenter size-large is-resized\"><img loading=\"lazy\" decoding=\"async\" src=\"https:\/\/fius.de\/wp-content\/uploads\/2020\/11\/20201118_071836.jpg\" alt=\"\" class=\"wp-image-1383\" width=\"549\" height=\"413\"\/><figcaption class=\"wp-element-caption\">Prusa i3 MK3S mit Multicolor-Print-Modul<\/figcaption><\/figure>\n\n\n\n<p>Falls ihr noch keine Erfahrung mit 3D-Drucken habt, k\u00f6nnt ihr euch unter <a href=\"https:\/\/www.myminifactory.com\/de\/\" data-type=\"URL\" data-id=\"https:\/\/www.myminifactory.com\/de\/\">https:\/\/www.myminifactory.com\/de\/<\/a> (hat kostenlose und kostenpflichtige Modelle), <a href=\"https:\/\/www.thingiverse.com\/\" data-type=\"URL\" data-id=\"https:\/\/www.thingiverse.com\/\">https:\/\/www.thingiverse.com\/<\/a> oder <a href=\"https:\/\/www.prusaprinters.org\/prints\">https:\/\/www.prusaprinters.org\/prints<\/a> kostenlos Modelle herunterladen, die wir f\u00fcr euch drucken k\u00f6nnen. Normalerweise sind 3D-Drucke einfarbig, gewisse Modelle k\u00f6nnen wir durch unser Multicolor-Print-Modul aber auch mehrfarbig drucken. Wir haben viele Farben vorr\u00e4tig, falls ihr da aber etwas Spezielles wollt, k\u00f6nnen wir schauen, dass wir das organisieren. <\/p>\n\n\n\n<p>Schreibt uns einfach per Mail (<a rel=\"noreferrer noopener\" href=\"mailto:ak-3d@fius.de\" target=\"_blank\">ak-3d@fius.de<\/a>) was ihr Drucken wollt, oder meldet euch auch gerne falls ihr euch unserem 3D-Druck Team anschlie\u00dfen wollt (\u00fcber Nachwuchs freuen wir uns nat\u00fcrlich immer \ud83d\ude09 ).<\/p>\n\n\n\n<p>Falls ihr schon Erfahrung habt, eure eigenen Modelle zu basteln, k\u00f6nnt ihr uns gerne auch direkt die STL Dateien schicken und wir drucken das ganze dann f\u00fcr euch.<br>Bis dahin: Viel Spa\u00df beim Konstruieren eigener 3D-Modelle! \ud83d\ude42<\/p>\n\n\n\n<figure class=\"wp-block-gallery has-nested-images columns-default is-cropped wp-block-gallery-2 is-layout-flex wp-block-gallery-is-layout-flex\">\n<figure class=\"wp-block-image size-large\"><img loading=\"lazy\" decoding=\"async\" width=\"1280\" height=\"960\" data-id=\"1451\" src=\"https:\/\/fius.de\/wp-content\/uploads\/2021\/02\/photo_2021-02-04_21-11-45.jpg\" alt=\"\" class=\"wp-image-1451\"\/><\/figure>\n\n\n\n<figure class=\"wp-block-image size-large\"><img loading=\"lazy\" decoding=\"async\" width=\"1280\" height=\"960\" data-id=\"1478\" src=\"https:\/\/fius.de\/wp-content\/uploads\/2021\/02\/3D-Druck-Beispiel.jpeg\" alt=\"\" class=\"wp-image-1478\"\/><\/figure>\n<\/figure>\n\n\n\n<figure class=\"wp-block-gallery has-nested-images columns-default is-cropped wp-block-gallery-3 is-layout-flex wp-block-gallery-is-layout-flex\">\n<figure class=\"wp-block-image size-large\"><img loading=\"lazy\" decoding=\"async\" width=\"1280\" height=\"960\" data-id=\"1502\" src=\"https:\/\/fius.de\/wp-content\/uploads\/2021\/02\/1.jpg\" alt=\"\" class=\"wp-image-1502\"\/><\/figure>\n\n\n\n<figure class=\"wp-block-image size-large\"><img loading=\"lazy\" decoding=\"async\" width=\"1280\" height=\"960\" data-id=\"1503\" src=\"https:\/\/fius.de\/wp-content\/uploads\/2021\/02\/2.jpg\" alt=\"\" class=\"wp-image-1503\"\/><\/figure>\n<\/figure>\n\n\n\n<div class=\"wp-block-contact-form-7-contact-form-selector\">\n<div class=\"wpcf7 no-js\" id=\"wpcf7-f1629-o1\" lang=\"de-DE\" dir=\"ltr\" data-wpcf7-id=\"1629\">\n<div class=\"screen-reader-response\"><p role=\"status\" aria-live=\"polite\" aria-atomic=\"true\"><\/p> <ul><\/ul><\/div>\n<form action=\"\/index.php\/wp-json\/wp\/v2\/pages\/1377#wpcf7-f1629-o1\" method=\"post\" class=\"wpcf7-form init\" aria-label=\"Kontaktformular\" enctype=\"multipart\/form-data\" novalidate=\"novalidate\" data-status=\"init\">\n<fieldset class=\"hidden-fields-container\"><input type=\"hidden\" name=\"_wpcf7\" value=\"1629\" \/><input type=\"hidden\" name=\"_wpcf7_version\" value=\"6.1.5\" \/><input type=\"hidden\" name=\"_wpcf7_locale\" value=\"de_DE\" \/><input type=\"hidden\" name=\"_wpcf7_unit_tag\" value=\"wpcf7-f1629-o1\" \/><input type=\"hidden\" name=\"_wpcf7_container_post\" value=\"0\" \/><input type=\"hidden\" name=\"_wpcf7_posted_data_hash\" value=\"\" \/>\n<\/fieldset>\n<h3> 3D Druck Anfragen\n<\/h3>\n<p>Wenn ihr etwas drucken wollt, k\u00f6nnt ihr uns hier einfach eine Anfrage schicken. Gebt bitte entweder direkt eine Datei oder einen Link zu Seiten wie Thingiverse order PrusaPrinters, etc. mit. Wir melden uns bei euch per Mail, wenn der Druck fertig ist oder es Probleme oder ungekl\u00e4rte fragen gibt.\n<\/p>\n<center> \u00dcber eine Spende w\u00fcrden wir uns nat\u00fcrlich sehr freuen \ud83d\ude42\n<\/center>\n<div style=\"display: grid;grid-template-areas:'a b''c d''e e''f f';grid-template-columns: 48% 48%;grid-column-gap:2%;grid-row-gap:2em\">\n\t<div style=\" grid-area: a\">\n\t\t<p><label> Name<br \/>\n<span class=\"wpcf7-form-control-wrap\" data-name=\"text-name\"><input size=\"40\" maxlength=\"400\" class=\"wpcf7-form-control wpcf7-text wpcf7-validates-as-required\" aria-required=\"true\" aria-invalid=\"false\" value=\"\" type=\"text\" name=\"text-name\" \/><\/span> <\/label>\n\t\t<\/p>\n\t<\/div>\n\t<div style=\"grid-area:b\">\n\t\t<p><label> Deine E-Mail-Adresse<br \/>\n<span class=\"wpcf7-form-control-wrap\" data-name=\"email\"><input size=\"40\" maxlength=\"400\" class=\"wpcf7-form-control wpcf7-email wpcf7-validates-as-required wpcf7-text wpcf7-validates-as-email\" aria-required=\"true\" aria-invalid=\"false\" value=\"\" type=\"email\" name=\"email\" \/><\/span> <\/label>\n\t\t<\/p>\n\t<\/div>\n\t<div style=\"grid-area:c\">\n\t\t<p><label> Link zu dem Model (Optional)<br \/>\n<span class=\"wpcf7-form-control-wrap\" data-name=\"url-841\"><input size=\"40\" maxlength=\"400\" class=\"wpcf7-form-control wpcf7-url wpcf7-text wpcf7-validates-as-url\" aria-invalid=\"false\" value=\"\" type=\"url\" name=\"url-841\" \/><\/span> <\/label>\n\t\t<\/p>\n\t<\/div>\n\t<div style=\"grid-area:d\">\n\t\t<p><label> 3D Model (Optional)<br \/>\n<span class=\"wpcf7-form-control-wrap\" data-name=\"file-873\"><input size=\"40\" class=\"wpcf7-form-control wpcf7-file\" accept=\".stl,.m3f\" aria-invalid=\"false\" type=\"file\" name=\"file-873\" \/><\/span> <\/label>\n\t\t<\/p>\n\t<\/div>\n\t<div style=\"grid-area:e\">\n\t\t<p><label> Wunschfarbe (falls nicht vorhanden melden wir uns bei dir)<br \/>\n<span class=\"wpcf7-form-control-wrap\" data-name=\"farbe\"><input size=\"40\" maxlength=\"400\" class=\"wpcf7-form-control wpcf7-text\" aria-invalid=\"false\" value=\"\" type=\"text\" name=\"farbe\" \/><\/span> <\/label>\n\t\t<\/p>\n\t<\/div>\n\t<div style=\"grid-area:f\">\n\t\t<p><label> Hinweise zum Druck (optional)<br \/>\n<span class=\"wpcf7-form-control-wrap\" data-name=\"hinweise\"><textarea cols=\"40\" rows=\"10\" maxlength=\"2000\" class=\"wpcf7-form-control wpcf7-textarea\" aria-invalid=\"false\" name=\"hinweise\"><\/textarea><\/span> <\/label>\n\t\t<\/p>\n\t<\/div>\n<\/div>\n<p><span class=\"wpcf7-form-control-wrap\" data-name=\"quiz-635\"><label><span class=\"wpcf7-quiz-label\">Sicherheitsfrage zur Spamvermeidung: Was ist die Hausnummer unseres Informatik Geb\u00e4udes?<\/span> <input size=\"40\" class=\"wpcf7-form-control wpcf7-quiz\" autocomplete=\"off\" aria-required=\"true\" aria-invalid=\"false\" type=\"text\" name=\"quiz-635\" \/><\/label><input type=\"hidden\" name=\"_wpcf7_quiz_answer_quiz-635\" value=\"fca942b3cf168be4f56acd571a5d00b0\" \/><\/span><br \/>\n<input class=\"wpcf7-form-control wpcf7-submit has-spinner\" type=\"submit\" value=\"Senden\" \/>\n<\/p><div class=\"wpcf7-response-output\" aria-hidden=\"true\"><\/div>\n<\/form>\n<\/div>\n<\/div>\n\n\n\n<p><\/p>\n","protected":false},"excerpt":{"rendered":"<p>Wir haben inzwischen einen 3D-Drucker, auf dem Ihr eure eigenen Modelle drucken k\u00f6nnt (oder einfach nur gut aussehende runtergeladene). Dabei handelt es sich um den Open-Source 3D-Drucker Prusa I3 MK3S. Falls ihr noch keine Erfahrung mit 3D-Drucken habt, k\u00f6nnt ihr euch unter https:\/\/www.myminifactory.com\/de\/ (hat kostenlose und kostenpflichtige Modelle), https:\/\/www.thingiverse.com\/ oder https:\/\/www.prusaprinters.org\/prints kostenlos Modelle herunterladen, die [&hellip;]<\/p>\n","protected":false},"author":9,"featured_media":0,"parent":30,"menu_order":0,"comment_status":"closed","ping_status":"closed","template":"","meta":{"footnotes":""},"class_list":["post-1377","page","type-page","status-publish","hentry","wpbf-post"],"_links":{"self":[{"href":"https:\/\/fius.de\/index.php\/wp-json\/wp\/v2\/pages\/1377","targetHints":{"allow":["GET"]}}],"collection":[{"href":"https:\/\/fius.de\/index.php\/wp-json\/wp\/v2\/pages"}],"about":[{"href":"https:\/\/fius.de\/index.php\/wp-json\/wp\/v2\/types\/page"}],"author":[{"embeddable":true,"href":"https:\/\/fius.de\/index.php\/wp-json\/wp\/v2\/users\/9"}],"replies":[{"embeddable":true,"href":"https:\/\/fius.de\/index.php\/wp-json\/wp\/v2\/comments?post=1377"}],"version-history":[{"count":27,"href":"https:\/\/fius.de\/index.php\/wp-json\/wp\/v2\/pages\/1377\/revisions"}],"predecessor-version":[{"id":3047,"href":"https:\/\/fius.de\/index.php\/wp-json\/wp\/v2\/pages\/1377\/revisions\/3047"}],"up":[{"embeddable":true,"href":"https:\/\/fius.de\/index.php\/wp-json\/wp\/v2\/pages\/30"}],"wp:attachment":[{"href":"https:\/\/fius.de\/index.php\/wp-json\/wp\/v2\/media?parent=1377"}],"curies":[{"name":"wp","href":"https:\/\/api.w.org\/{rel}","templated":true}]}}