{"id":1154,"date":"2020-10-26T02:49:28","date_gmt":"2020-10-26T01:49:28","guid":{"rendered":"https:\/\/fius.de\/?page_id=1154"},"modified":"2020-10-26T13:14:39","modified_gmt":"2020-10-26T12:14:39","slug":"spieleabend","status":"publish","type":"page","link":"https:\/\/fius.de\/index.php\/spieleabend\/","title":{"rendered":"Spieleabend"},"content":{"rendered":"\n<p>Im Rahmen unserer Erstsemestereinf\u00fchrung werden auch dieses Jahr Spieleabende veranstaltet. Dieses Jahr finden diese online statt. Hier findet ihr alle relevanten Informationen dazu.<\/p>\n\n\n\n<h3>Montag, 26. Oktober<\/h3>\n<div class=\"ecs-event uni_ecs_category\">\n<div class=\"clock\">18:00 Uhr<\/div>\n<div class=\"name\">Online Spieleabend<\/div>\n<div class=\"room\">Mumble<\/div>\n<div class=\"link\"><a href=\"voice.stuvus.de\">Hier zum Mumble Server \u276f<\/a><\/div>\n<\/div>\n<br>\n<h3>Mittwoch, 28. Oktober<\/h3>\n<div class=\"ecs-event uni_ecs_category\">\n<div class=\"clock\">18:00 Uhr<\/div>\n<div class=\"name\">Online Spieleabend<\/div>\n<div class=\"room\">Mumble<\/div>\n<div class=\"link\"><a href=\"voice.stuvus.de\">Hier zum Mumble Server \u276f<\/a><\/div>\n<\/div>\n<br>\n\n\n\n<p>\u00dcber den Link findet ihr den Stuvus-Mumbleserver. Dort k\u00f6nnt ihr mit den anderen Teilnehmern kommunizieren und euch zu Spielerunden zusammenfinden. Nutzt diese Chance um eure neuen Komilliton*innen kennen zu lernen!<\/p>\n\n\n\n<p>Ihr findet auf dem Server den Raum &#8222;Spieleabend&#8220;. Darunter sind all die R\u00e4ume eingeordnet in denen der Spieleabend stattfindet.<br>In der Lobby k\u00f6nnt ihr Mitspieler finden, oder von bereits existierenden Spielegruppen gefunden werden.<\/p>\n\n\n\n<p>Wenn ihr eine Gruppe gefunden habt, findet euch dann in einem freien Raum ein oder kontaktiert <em>kornmn<\/em> um einen benannten Raum anzufragen, wenn ihr einen haben wollt. Bitte vermeidet l\u00e4ngeres Spielen in der Lobby, damit erkennbar ist, wer noch nach Mitspielern sucht.<\/p>\n\n\n\n<h3 class=\"wp-block-heading\">Zu Mumble<\/h3>\n\n\n\n<p>Ihr k\u00f6nnt \u00fcber das Webinterface oder den Client auf den Mumbleserver zugreifen.<br>Bei technischen Schwierigkeiten k\u00f6nnt ihr <em>kornmn<\/em> anschreiben.<\/p>\n\n\n\n<p><br><strong>Wie verschickt man Nachrichten an andere R\u00e4ume wie z.B. die Lobby?<\/strong><br>Um eine Textnachricht an die Lobby zu senden, obwohl man derzeit nicht in der Lobby ist, kann man mit Rechtsklick auf die Lobby \u00fcber &#8222;Send Message\u2026&#8220; eine Nachricht senden. (z.B. ein Mitspieler f\u00fcr Raum X wird gesucht)<\/p>\n\n\n\n<p><br><strong>Wie \u00e4ndere ich meinen Status?<\/strong><br>Durch rechtsklick auf den eigenen Namen k\u00f6nnt ihr unter &#8222;Change Comment\u2026&#8220; euren Status anpassen.<\/p>\n\n\n\n<h3 class=\"wp-block-heading\">Spielevorschl\u00e4ge<\/h3>\n\n\n\n<p>Als Anregung, folgen hier einige Links zu M\u00f6glichkeiten Online miteinander zu spielen:<\/p>\n\n\n\n<p>Ben\u00f6tigt keinen Account:<br>Battle Royale: <a href=\"http:\/\/surviv.io\/\">http:\/\/surviv.io\/<\/a><br>Kleinere essen: <a href=\"https:\/\/agar.io\">https:\/\/agar.io<\/a><br>FPS: <a href=\"https:\/\/krunker.io\/\">https:\/\/krunker.io\/<\/a><br>Montagsmaler: <a href=\"https:\/\/www.skribbl.io\">https:\/\/www.skribbl.io<\/a>, <a href=\"https:\/\/sketchful.io\">https:\/\/sketchful.io<\/a>, <a href=\"https:\/\/gartic.io\/\">https:\/\/gartic.io\/<\/a><br>Wer bin ich?: <a href=\"https:\/\/corona-guesswho.herokuapp.com\/\">https:\/\/corona-guesswho.herokuapp.com\/<\/a><br>Stadt-Land-Fluss: <a href=\"https:\/\/stadtlandflussonline.net\/\">https:\/\/stadtlandflussonline.net\/<\/a><br>Codenames: <a href=\"https:\/\/www.horsepaste.com\/\">https:\/\/www.horsepaste.com\/<\/a>, <a href=\"https:\/\/codenames.plus\/\">https:\/\/codenames.plus\/<\/a><br>Catan (Download und Server): <a href=\"http:\/\/pio.sourceforge.net\/\">http:\/\/pio.sourceforge.net\/<\/a><br>Cards against Humanity: <a href=\"https:\/\/azala.info\/static\/index.html\">https:\/\/azala.info\/static\/index.html<\/a>, <a href=\"https:\/\/pyx-1.pretendyoure.xyz\/zy\/game.jsp\">https:\/\/pyx-1.pretendyoure.xyz\/zy\/game.jsp<\/a><br>Werwolf: <a href=\"http:\/\/play.werwolfonline.eu\/Werwolf.php\">http:\/\/play.werwolfonline.eu\/Werwolf.php<\/a><br>Dixit: <a href=\"http:\/\/www.boiteajeux.net\/jeux\/dix\/dix_aide_en.php\">http:\/\/www.boiteajeux.net\/jeux\/dix\/dix_aide_en.php<\/a><br>Spyfall: <a href=\"https:\/\/spyfall.adrianocola.com\">https:\/\/spyfall.adrianocola.com<\/a><br>Love Letter: <a href=\"https:\/\/netgames.io\/games\/love-letter\/\">https:\/\/netgames.io\/games\/love-letter\/<\/a><br>Decrypto: <a href=\"https:\/\/bruckbu.de\/~jonny\/decrypto-game\/client.html\">https:\/\/bruckbu.de\/~jonny\/decrypto-game\/client.html<\/a><\/p>\n\n\n\n<p>Brettspielsammlungen:<br><a href=\"https:\/\/netgames.io\/games\/\">https:\/\/netgames.io\/games\/<\/a> (One Night Ultimate Werewolf, Codenames, Secret Hitler, Spyfall, Loveletter, Avalon)<br><a href=\"http:\/\/playingcards.io\/\">http:\/\/playingcards.io\/<\/a> (Backgammon, Dame, Cribbage, Go Fish, \u2026)<\/p>\n\n\n\n<p>Hierf\u00fcr braucht ihr einen Account:<\/p>\n\n\n\n<ul class=\"wp-block-list\"><li>CS<\/li><li>Minecraft (kostenpflichtig)<\/li><li>Rocket League<\/li><li>LoL<\/li><li>basierend auf Hardware-Spielen:<ul><li>Tichu: <a rel=\"noreferrer noopener\" href=\"https:\/\/www.onlinetichu.com\/\" target=\"_blank\">https:\/\/www.onlinetichu.com\/<\/a><\/li><li>Hanabi: <a rel=\"noreferrer noopener\" href=\"https:\/\/hanabi.live\/\" target=\"_blank\">https:\/\/hanabi.live\/<\/a><\/li><li>Secret Hitler: <a rel=\"noreferrer noopener\" href=\"https:\/\/beta.secrethitler.io\/\" target=\"_blank\">https:\/\/beta.secrethitler.io\/<\/a><\/li><li>Avalon (\u00e4hnlich wie Secret Hitler): <a rel=\"noreferrer noopener\" href=\"https:\/\/avalon.fun\" target=\"_blank\">https:\/\/avalon.fun<\/a><\/li><li>PnP: <a rel=\"noreferrer noopener\" href=\"https:\/\/roll20.net\/\" target=\"_blank\">https:\/\/roll20.net\/<\/a><\/li><\/ul><\/li><li>Brettspielsammlungen:<ul><li><a rel=\"noreferrer noopener\" href=\"http:\/\/tabletopia.com\/\" target=\"_blank\">http:\/\/tabletopia.com\/<\/a> (Fl\u00fcgelschlag, Secret Hitler, Texas Hold &#8218;em, Schach, Scythe, Sub Terra, Spyfall, Everdell, \u2026)<ul><li>Login auch \u00fcber Steam-Account m\u00f6glich<\/li><li>Fl\u00fcgelschlag: <a rel=\"noreferrer noopener\" href=\"https:\/\/tabletopia.com\/games\/wingspan\" target=\"_blank\">https:\/\/tabletopia.com\/games\/wingspan<\/a><\/li><li>Tichu: <a rel=\"noreferrer noopener\" href=\"https:\/\/tabletopia.com\/games\/tichu\" target=\"_blank\">https:\/\/tabletopia.com\/games\/tichu<\/a><\/li><\/ul><\/li><li><a rel=\"noreferrer noopener\" href=\"https:\/\/www.yucata.de\/de\" target=\"_blank\">https:\/\/www.yucata.de\/de<\/a> (Can Stop, Die Burgen von Burgund, Machi Koro, \u2026)<\/li><li><a rel=\"noreferrer noopener\" href=\"https:\/\/m.brettspielwelt.de\" target=\"_blank\">https:\/\/m.brettspielwelt.de<\/a><ul><li>Wizard: <a rel=\"noreferrer noopener\" href=\"https:\/\/m.brettspielwelt.de\/#requestPage:list:HeadSpiel,game:Wizard,select:game.SpielInfo,game:Wizard,gameid:97\" target=\"_blank\">https:\/\/m.brettspielwelt.de\/#requestPage:list:HeadSpiel,game:Wizard,select:game.SpielInfo,game:Wizard,gameid:97<\/a><\/li><li>Tichu: <a rel=\"noreferrer noopener\" href=\"http:\/\/www.brettspielwelt.de\/Hilfe\/Anleitungen\/Tichu\/?nation=en\" target=\"_blank\">http:\/\/www.brettspielwelt.de\/Hilfe\/Anleitungen\/Tichu\/?nation=en<\/a><\/li><\/ul><\/li><li><a rel=\"noreferrer noopener\" href=\"https:\/\/boardgamearena.com\" target=\"_blank\">https:\/\/boardgamearena.com<\/a> (Carcassonne, Potion Explosion, 7 Wonders, 6 nimmt!, Terra Mystica, Kingdomino, \u2026)<\/li><li>Tabletop Simulator (kostenpflichtig): <a rel=\"noreferrer noopener\" href=\"https:\/\/store.steampowered.com\/app\/286160\/Tabletop_Simulator\/\" target=\"_blank\">https:\/\/store.steampowered.com\/app\/286160\/Tabletop_Simulator\/<\/a><\/li><\/ul><\/li><\/ul>\n","protected":false},"excerpt":{"rendered":"<p>Im Rahmen unserer Erstsemestereinf\u00fchrung werden auch dieses Jahr Spieleabende veranstaltet. Dieses Jahr finden diese online statt. Hier findet ihr alle relevanten Informationen dazu. Montag, 26. Oktober 18:00 Uhr Online Spieleabend Mumble Hier zum Mumble Server \u276f Mittwoch, 28. Oktober 18:00 Uhr Online Spieleabend Mumble Hier zum Mumble Server \u276f \u00dcber den Link findet ihr den [&hellip;]<\/p>\n","protected":false},"author":3,"featured_media":0,"parent":0,"menu_order":0,"comment_status":"closed","ping_status":"closed","template":"","meta":{"footnotes":""},"class_list":["post-1154","page","type-page","status-publish","hentry","wpbf-post"],"_links":{"self":[{"href":"https:\/\/fius.de\/index.php\/wp-json\/wp\/v2\/pages\/1154","targetHints":{"allow":["GET"]}}],"collection":[{"href":"https:\/\/fius.de\/index.php\/wp-json\/wp\/v2\/pages"}],"about":[{"href":"https:\/\/fius.de\/index.php\/wp-json\/wp\/v2\/types\/page"}],"author":[{"embeddable":true,"href":"https:\/\/fius.de\/index.php\/wp-json\/wp\/v2\/users\/3"}],"replies":[{"embeddable":true,"href":"https:\/\/fius.de\/index.php\/wp-json\/wp\/v2\/comments?post=1154"}],"version-history":[{"count":5,"href":"https:\/\/fius.de\/index.php\/wp-json\/wp\/v2\/pages\/1154\/revisions"}],"predecessor-version":[{"id":1163,"href":"https:\/\/fius.de\/index.php\/wp-json\/wp\/v2\/pages\/1154\/revisions\/1163"}],"wp:attachment":[{"href":"https:\/\/fius.de\/index.php\/wp-json\/wp\/v2\/media?parent=1154"}],"curies":[{"name":"wp","href":"https:\/\/api.w.org\/{rel}","templated":true}]}}